{"id":977,"date":"2024-11-18T09:21:13","date_gmt":"2024-11-18T09:21:13","guid":{"rendered":"http:\/\/www.magnacartary.com\/?page_id=977"},"modified":"2025-05-16T10:45:59","modified_gmt":"2025-05-16T07:45:59","slug":"alumnijasenyys","status":"publish","type":"page","link":"https:\/\/www.magnacartary.com\/en\/alumnijasenyys\/","title":{"rendered":"Alumni membership"},"content":{"rendered":"<div data-elementor-type=\"wp-page\" data-elementor-id=\"977\" class=\"elementor elementor-977\" data-elementor-post-type=\"page\">\n\t\t\t\t<div class=\"elementor-element elementor-element-1f6c3a4 e-flex e-con-boxed wpr-particle-no wpr-jarallax-no wpr-parallax-no wpr-sticky-section-no e-con e-parent\" data-id=\"1f6c3a4\" data-element_type=\"container\">\n\t\t\t\t\t<div class=\"e-con-inner\">\n\t\t\t\t<div class=\"elementor-element elementor-element-87b94a1 elementor-widget elementor-widget-spacer\" data-id=\"87b94a1\" data-element_type=\"widget\" data-widget_type=\"spacer.default\">\n\t\t\t\t<div class=\"elementor-widget-container\">\n\t\t\t\t\t\t\t<div class=\"elementor-spacer\">\n\t\t\t<div class=\"elementor-spacer-inner\"><\/div>\n\t\t<\/div>\n\t\t\t\t\t\t<\/div>\n\t\t\t\t<\/div>\n\t\t\t\t<div class=\"elementor-element elementor-element-30afb56 elementor-widget elementor-widget-heading\" data-id=\"30afb56\" data-element_type=\"widget\" data-widget_type=\"heading.default\">\n\t\t\t\t<div class=\"elementor-widget-container\">\n\t\t\t\t\t<h2 class=\"elementor-heading-title elementor-size-default\">Alumni membership<\/h2>\t\t\t\t<\/div>\n\t\t\t\t<\/div>\n\t\t\t\t<div class=\"elementor-element elementor-element-f711d1a elementor-widget elementor-widget-spacer\" data-id=\"f711d1a\" data-element_type=\"widget\" data-widget_type=\"spacer.default\">\n\t\t\t\t<div class=\"elementor-widget-container\">\n\t\t\t\t\t\t\t<div class=\"elementor-spacer\">\n\t\t\t<div class=\"elementor-spacer-inner\"><\/div>\n\t\t<\/div>\n\t\t\t\t\t\t<\/div>\n\t\t\t\t<\/div>\n\t\t\t\t\t<\/div>\n\t\t\t\t<\/div>\n\t\t<div class=\"elementor-element elementor-element-6446d9d e-flex e-con-boxed wpr-particle-no wpr-jarallax-no wpr-parallax-no wpr-sticky-section-no e-con e-parent\" data-id=\"6446d9d\" data-element_type=\"container\">\n\t\t\t\t\t<div class=\"e-con-inner\">\n\t\t\t\t<div class=\"elementor-element elementor-element-4fce432 elementor-widget elementor-widget-text-editor\" data-id=\"4fce432\" data-element_type=\"widget\" data-widget_type=\"text-editor.default\">\n\t\t\t\t<div class=\"elementor-widget-container\">\n\t\t\t\t\t\t\t\t\t<p dir=\"ltr\">In the future alumni have the possibility to take part in the association\u2019s actions and events when it is separately mentioned in the description of the event. Alumni also have the right to use the association\u2019s membership benefits. Alumni can attend and voice their opinions but do not have the right to vote in association's meetings. The board aims to organise an event or events during the academic year. The membership fee is paid annually and it costs 5\u20ac\/ year and it is voluntary. The membership is now available.<\/p><p dir=\"ltr\">Please note that the student membership is valid for 7 years starting from the beginning of your studies.\u00a0<\/p><p dir=\"ltr\">Link to Kide.App for the membership:\u00a0<a href=\"https:\/\/kide.app\/memberships\/b4fc2869-04b8-4e14-bdd8-f60bcfd6f6e3\" target=\"_blank\" rel=\"noopener\" data-saferedirecturl=\"https:\/\/www.google.com\/url?q=https:\/\/kide.app\/memberships\/b4fc2869-04b8-4e14-bdd8-f60bcfd6f6e3&amp;source=gmail&amp;ust=1732007653650000&amp;usg=AOvVaw3X2FgRmYunj6dt5DVPMUEN\">https:\/\/kide.app\/memberships\/<wbr \/>b4fc2869-04b8-4e14-bdd8-<wbr \/>f60bcfd6f6e3<\/a>\u00a0<\/p>\t\t\t\t\t\t\t\t<\/div>\n\t\t\t\t<\/div>\n\t\t\t\t\t<\/div>\n\t\t\t\t<\/div>\n\t\t\t\t<\/div>","protected":false},"excerpt":{"rendered":"<p>Alumnij\u00e4senyys Alumneilla on jatkossa oikeus osallistua yhdistyksen toimintaan ja tapahtumiin, kun se on erikseen mainittu tapahtuman kuvauksessa. Alumneilla on my\u00f6s oikeus yhdistyksen j\u00e4senetuihin. Alumneille pyrit\u00e4\u00e4n j\u00e4rjest\u00e4m\u00e4\u00e4n tapahtuma tai tapahtumia lukuvuosittain. J\u00e4senyys maksetaan vuosittain ja se maksaa 5\u20ac vuodessa ja on vapaaehtoinen. J\u00e4senyys on nyt ostettavissa. Huomioittehan, ett\u00e4 opiskelijaj\u00e4senyys on voimassa 7 vuotta opintojen alkamisesta l\u00e4htien.\u00a0 Linkki Kide.Appiin alumnij\u00e4senyyteen:\u00a0https:\/\/kide.app\/memberships\/b4fc2869-04b8-4e14-bdd8-f60bcfd6f6e3\u00a0<\/p>","protected":false},"author":1,"featured_media":0,"parent":0,"menu_order":0,"comment_status":"closed","ping_status":"closed","template":"","meta":{"footnotes":""},"class_list":["post-977","page","type-page","status-publish","hentry"],"_links":{"self":[{"href":"https:\/\/www.magnacartary.com\/en\/wp-json\/wp\/v2\/pages\/977","targetHints":{"allow":["GET"]}}],"collection":[{"href":"https:\/\/www.magnacartary.com\/en\/wp-json\/wp\/v2\/pages"}],"about":[{"href":"https:\/\/www.magnacartary.com\/en\/wp-json\/wp\/v2\/types\/page"}],"author":[{"embeddable":true,"href":"https:\/\/www.magnacartary.com\/en\/wp-json\/wp\/v2\/users\/1"}],"replies":[{"embeddable":true,"href":"https:\/\/www.magnacartary.com\/en\/wp-json\/wp\/v2\/comments?post=977"}],"version-history":[{"count":20,"href":"https:\/\/www.magnacartary.com\/en\/wp-json\/wp\/v2\/pages\/977\/revisions"}],"predecessor-version":[{"id":1317,"href":"https:\/\/www.magnacartary.com\/en\/wp-json\/wp\/v2\/pages\/977\/revisions\/1317"}],"wp:attachment":[{"href":"https:\/\/www.magnacartary.com\/en\/wp-json\/wp\/v2\/media?parent=977"}],"curies":[{"name":"wp","href":"https:\/\/api.w.org\/{rel}","templated":true}]}}