{"id":415,"date":"2024-04-21T17:30:13","date_gmt":"2024-04-21T17:30:13","guid":{"rendered":"http:\/\/www.magnacartary.com\/?page_id=415"},"modified":"2025-01-12T13:02:53","modified_gmt":"2025-01-12T11:02:53","slug":"membership","status":"publish","type":"page","link":"https:\/\/www.magnacartary.com\/en\/membership\/","title":{"rendered":"Become a member"},"content":{"rendered":"<div data-elementor-type=\"wp-page\" data-elementor-id=\"415\" class=\"elementor elementor-415\" data-elementor-post-type=\"page\">\n\t\t\t\t<div class=\"elementor-element elementor-element-8cca88d e-flex e-con-boxed wpr-particle-no wpr-jarallax-no wpr-parallax-no wpr-sticky-section-no e-con e-parent\" data-id=\"8cca88d\" data-element_type=\"container\">\n\t\t\t\t\t<div class=\"e-con-inner\">\n\t\t\t\t<div class=\"elementor-element elementor-element-c9541ca elementor-widget elementor-widget-heading\" data-id=\"c9541ca\" data-element_type=\"widget\" data-widget_type=\"heading.default\">\n\t\t\t\t<div class=\"elementor-widget-container\">\n\t\t\t\t\t<h2 class=\"elementor-heading-title elementor-size-default\">How to become a member of Magna Carta<\/h2>\t\t\t\t<\/div>\n\t\t\t\t<\/div>\n\t\t\t\t<div class=\"elementor-element elementor-element-3167c63 elementor-widget elementor-widget-text-editor\" data-id=\"3167c63\" data-element_type=\"widget\" data-widget_type=\"text-editor.default\">\n\t\t\t\t<div class=\"elementor-widget-container\">\n\t\t\t\t\t\t\t\t\t<p>Only students who study English as their major or minor subject in the University of Jyv\u00e4skyl\u00e4 can be members of Magna Carta.<\/p><p>In the future, Magna Carta\u2019s memberships and event tickets will be found in one place: Kide.app. The system automatically verifies the validity of memberships, making it easier to purchase event tickets at member price. As a member of our association, you can easily edit your user account or membership-related information on Kide.app in the \u201cMy Account\u201d section, as well as through the membership card in the Kide.app wallet. In the future, membership can be proven by showing either the Kide.app membership card or Magna Carta\u2019s membership sticker.<\/p><p>As an existing member, you can activate your membership for free. Please go to Kide.app, create a username or log in with your existing credentials, and activate your membership through the following links:<\/p><p>Year 2024:\u00a0<a href=\"https:\/\/kide.app\/memberships\/62919fd3-6194-4ed2-a2a8-072772689402\">https:\/\/kide.app\/memberships\/62919fd3-6194-4ed2-a2a8-072772689402<\/a><\/p><p>Year 2023: <a href=\"https:\/\/kide.app\/memberships\/cec3e07b-afd3-407f-b258-a00eff3507d4\" target=\"_new\">https:\/\/kide.app\/memberships\/cec3e07b-afd3-407f-b258-a00eff3507d4<\/a><\/p><p>Year 2022: <a href=\"https:\/\/kide.app\/memberships\/c862e630-dd37-49ba-8874-ae100f2ea461\" target=\"_new\">https:\/\/kide.app\/memberships\/c862e630-dd37-49ba-8874-ae100f2ea461<\/a><\/p><p>Year 2021: <a href=\"https:\/\/kide.app\/memberships\/a0341fa6-5df0-4cec-aa02-0194bea742c1\" target=\"_new\">https:\/\/kide.app\/memberships\/a0341fa6-5df0-4cec-aa02-0194bea742c1<\/a><\/p><p>Year 2020: <a href=\"https:\/\/kide.app\/memberships\/ae2c96aa-4674-4ea2-9a5a-8126b3009b81\" target=\"_new\">https:\/\/kide.app\/memberships\/ae2c96aa-4674-4ea2-9a5a-8126b3009b81<\/a><\/p><p>Year 2019: <a href=\"https:\/\/kide.app\/memberships\/dc890a04-3f6e-4f18-9a96-63be39bfc41a\" target=\"_new\">https:\/\/kide.app\/memberships\/dc890a04-3f6e-4f18-9a96-63be39bfc41a<\/a><\/p><p>Year 2018: <a href=\"https:\/\/kide.app\/memberships\/a8b876a9-cffe-44ff-8ff3-4e1ea2154f56\" target=\"_new\">https:\/\/kide.app\/memberships\/a8b876a9-cffe-44ff-8ff3-4e1ea2154f56<\/a><\/p><p>Year 2017: <a href=\"https:\/\/kide.app\/memberships\/44e6e200-2fcc-4cd0-a99c-9fea096a9947\" target=\"_new\">https:\/\/kide.app\/memberships\/44e6e200-2fcc-4cd0-a99c-9fea096a9947<\/a><\/p><p>If you have English as your minor, choose the year you received the right to study English.<\/p><p>Students who started their studies in 2016 or earlier and still have valid student status can purchase a membership from the 2023 registry.<\/p><p>Once you have activated your membership, it will become pending for confirmation until the board\u2019s Kide.app-representatives activate it.<\/p>\t\t\t\t\t\t\t\t<\/div>\n\t\t\t\t<\/div>\n\t\t\t\t\t<\/div>\n\t\t\t\t<\/div>\n\t\t\t\t<\/div>","protected":false},"excerpt":{"rendered":"<p>Miten liitty\u00e4 j\u00e4seneksi Vain Jyv\u00e4skyl\u00e4n yliopistossa englantia p\u00e4\u00e4- tai sivuaineena opiskelevat opiskelijat voivat olla Magna Carta ry:n j\u00e4seni\u00e4. Jatkossa Magna Carta ry:n j\u00e4senyydet ja tapahtumaliput l\u00f6ytyv\u00e4t yhdest\u00e4 paikasta: Kide.appista. J\u00e4rjestelm\u00e4 tarkistaa automaattisesti j\u00e4senyyksien voimassaolon, mik\u00e4 helpottaa j\u00e4senhintaisten tapahtumalippujen ostamista. Yhdistyksemme j\u00e4senen\u00e4 voit helposti muokata k\u00e4ytt\u00e4j\u00e4tiliisi tai j\u00e4senyyteen liittyvi\u00e4 tietoja Kide.appissa &#8221;Oma tili&#8221; -osiossa sek\u00e4 Kide.app-lompakossa olevan j\u00e4senkortin kautta. Jatkossa j\u00e4senyys voidaan todistaa joko Kide.appin j\u00e4senkortilla tai Magna Cartan j\u00e4sentarralla. Olemassa olevana j\u00e4senen\u00e4 voit aktivoida j\u00e4senyytesi ilmaiseksi. Siirry Kide.appiin, luo k\u00e4ytt\u00e4j\u00e4tunnus tai kirjaudu sis\u00e4\u00e4n olemassa olevilla tunnuksillasi ja aktivoi j\u00e4senyytesi seuraavien linkkien kautta: Vuosi 2024:\u00a0https:\/\/kide.app\/memberships\/62919fd3-6194-4ed2-a2a8-072772689402 Vuosi 2023: https:\/\/kide.app\/memberships\/cec3e07b-afd3-407f-b258-a00eff3507d4 Vuosi 2022: https:\/\/kide.app\/memberships\/c862e630-dd37-49ba-8874-ae100f2ea461 Vuosi 2021: https:\/\/kide.app\/memberships\/a0341fa6-5df0-4cec-aa02-0194bea742c1 Vuosi 2020: https:\/\/kide.app\/memberships\/ae2c96aa-4674-4ea2-9a5a-8126b3009b81 Vuosi 2019: https:\/\/kide.app\/memberships\/dc890a04-3f6e-4f18-9a96-63be39bfc41a Vuosi 2018: https:\/\/kide.app\/memberships\/a8b876a9-cffe-44ff-8ff3-4e1ea2154f56 Vuosi 2017: https:\/\/kide.app\/memberships\/44e6e200-2fcc-4cd0-a99c-9fea096a9947 Jos olet sivuaineopiskelija, valitse vuosi, jolloin olet saanut opinto-oikeuden englannin sivuaineopintoihin. Opiskelijat, jotka aloittivat opintonsa vuonna 2016 tai sit\u00e4 aiemmin ja joilla on edelleen voimassa oleva opiskeluoikeus, voivat ostaa j\u00e4senyyden vuoden 2023 rekisterist\u00e4. Kun olet aktivoinut j\u00e4senyytesi, se j\u00e4\u00e4 odottamaan vahvistusta, kunnes hallituksen Kide.app-edustajat aktivoivat sen.<\/p>","protected":false},"author":1,"featured_media":0,"parent":0,"menu_order":0,"comment_status":"closed","ping_status":"closed","template":"elementor_header_footer","meta":{"footnotes":""},"class_list":["post-415","page","type-page","status-publish","hentry"],"_links":{"self":[{"href":"https:\/\/www.magnacartary.com\/en\/wp-json\/wp\/v2\/pages\/415","targetHints":{"allow":["GET"]}}],"collection":[{"href":"https:\/\/www.magnacartary.com\/en\/wp-json\/wp\/v2\/pages"}],"about":[{"href":"https:\/\/www.magnacartary.com\/en\/wp-json\/wp\/v2\/types\/page"}],"author":[{"embeddable":true,"href":"https:\/\/www.magnacartary.com\/en\/wp-json\/wp\/v2\/users\/1"}],"replies":[{"embeddable":true,"href":"https:\/\/www.magnacartary.com\/en\/wp-json\/wp\/v2\/comments?post=415"}],"version-history":[{"count":31,"href":"https:\/\/www.magnacartary.com\/en\/wp-json\/wp\/v2\/pages\/415\/revisions"}],"predecessor-version":[{"id":1149,"href":"https:\/\/www.magnacartary.com\/en\/wp-json\/wp\/v2\/pages\/415\/revisions\/1149"}],"wp:attachment":[{"href":"https:\/\/www.magnacartary.com\/en\/wp-json\/wp\/v2\/media?parent=415"}],"curies":[{"name":"wp","href":"https:\/\/api.w.org\/{rel}","templated":true}]}}