{"id":17,"date":"2024-04-20T11:51:50","date_gmt":"2024-04-20T11:51:50","guid":{"rendered":"http:\/\/www.magnacartary.com\/?page_id=17"},"modified":"2025-09-04T14:33:39","modified_gmt":"2025-09-04T11:33:39","slug":"frontpage","status":"publish","type":"page","link":"https:\/\/www.magnacartary.com\/en\/","title":{"rendered":"Frontpage"},"content":{"rendered":"<div data-elementor-type=\"wp-page\" data-elementor-id=\"17\" class=\"elementor elementor-17\" data-elementor-post-type=\"page\">\n\t\t\t\t<div class=\"elementor-element elementor-element-afea3bf e-con-full e-flex wpr-particle-no wpr-jarallax-no wpr-parallax-no wpr-sticky-section-no e-con e-parent\" data-id=\"afea3bf\" data-element_type=\"container\" data-settings=\"{&quot;background_background&quot;:&quot;classic&quot;,&quot;shape_divider_bottom&quot;:&quot;curve-asymmetrical&quot;,&quot;shape_divider_bottom_negative&quot;:&quot;yes&quot;}\">\n\t\t\t\t<div class=\"elementor-shape elementor-shape-bottom\" data-negative=\"true\">\n\t\t\t<svg xmlns=\"http:\/\/www.w3.org\/2000\/svg\" viewbox=\"0 0 1000 100\" preserveaspectratio=\"none\">\n\t<path class=\"elementor-shape-fill\" d=\"M615.2,96.7C240.2,97.8,0,18.9,0,0v100h1000V0C1000,19.2,989.8,96,615.2,96.7z\"\/>\n<\/svg>\t\t<\/div>\n\t\t\t\t<\/div>\n\t\t<div class=\"elementor-element elementor-element-d5227fb e-flex e-con-boxed wpr-particle-no wpr-jarallax-no wpr-parallax-no wpr-sticky-section-no e-con e-parent\" data-id=\"d5227fb\" data-element_type=\"container\">\n\t\t\t\t\t<div class=\"e-con-inner\">\n\t\t<div class=\"elementor-element elementor-element-194b9b1 e-con-full e-flex wpr-particle-no wpr-jarallax-no wpr-parallax-no wpr-sticky-section-no e-con e-child\" data-id=\"194b9b1\" data-element_type=\"container\">\n\t\t\t\t<div class=\"elementor-element elementor-element-b8a78da elementor-widget elementor-widget-heading\" data-id=\"b8a78da\" data-element_type=\"widget\" data-widget_type=\"heading.default\">\n\t\t\t\t<div class=\"elementor-widget-container\">\n\t\t\t\t\t<h2 class=\"elementor-heading-title elementor-size-default\">Welcome to Magna Carta<\/h2>\t\t\t\t<\/div>\n\t\t\t\t<\/div>\n\t\t\t\t<div class=\"elementor-element elementor-element-ef99efa elementor-widget elementor-widget-text-editor\" data-id=\"ef99efa\" data-element_type=\"widget\" data-widget_type=\"text-editor.default\">\n\t\t\t\t<div class=\"elementor-widget-container\">\n\t\t\t\t\t\t\t\t\t<p><span style=\"color: #000000;\">The student association of the English students of the University of Jyv\u00e4skyl\u00e4\u00a0<\/span><span style=\"color: #000000;\">first saw the light of day in 1958,\u00a0<\/span><span style=\"color: #000000;\">when it went by the name \u201cEnglish Club\u201d. Later on it was renamed to Magna Carta, by which name it has gone by to this very day.\u00a0<\/span><span style=\"color: #000000;\">The name originally refers to the charter of English liberties granted by King John under threat of civil war in 1215. The following words from the scripture we still hold as our Holy Law:\n\n\u201cNo freemen shall be\u2026 imprisoned or disseised\u2026 except by the lawful judgement of his peers or by the law of the land.\u201d\u00a0<\/span><span style=\"color: #000000;\">Our mission is to add a little spice to the lives of English students in the form of various activities and services aimed to improve the general quality of life of English students,\u00a0<\/span><span style=\"color: #000000;\">and act as a discussion forum as well as a link between the staff and the students of the English department.\u00a0<\/span><span style=\"color: #000000;\">Magna Carta aims to enable and encourage the advancement of English students\u2019 studies\u00a0<\/span><span style=\"color: #000000;\">and social lives in the parameters of the association. In addition to this,\u00a0<\/span><span style=\"color: #000000;\">Magna Carta maintains relations with JYY\u00a0<\/span><span style=\"color: #000000;\">and other student associations.<\/span><\/p>\t\t\t\t\t\t\t\t<\/div>\n\t\t\t\t<\/div>\n\t\t\t\t<\/div>\n\t\t\t\t\t<\/div>\n\t\t\t\t<\/div>\n\t\t<div class=\"elementor-element elementor-element-183f098 e-flex e-con-boxed wpr-particle-no wpr-jarallax-no wpr-parallax-no wpr-sticky-section-no e-con e-parent\" data-id=\"183f098\" data-element_type=\"container\">\n\t\t\t\t\t<div class=\"e-con-inner\">\n\t\t<div class=\"elementor-element elementor-element-7219a69 e-con-full e-flex wpr-particle-no wpr-jarallax-no wpr-parallax-no wpr-sticky-section-no e-con e-child\" data-id=\"7219a69\" data-element_type=\"container\">\n\t\t\t\t<div class=\"elementor-element elementor-element-84423bc elementor-widget__width-initial elementor-widget elementor-widget-heading\" data-id=\"84423bc\" data-element_type=\"widget\" data-widget_type=\"heading.default\">\n\t\t\t\t<div class=\"elementor-widget-container\">\n\t\t\t\t\t<h2 class=\"elementor-heading-title elementor-size-default\">Events<\/h2>\t\t\t\t<\/div>\n\t\t\t\t<\/div>\n\t\t\t\t<div class=\"elementor-element elementor-element-45b90d1 elementor-widget elementor-widget-text-editor\" data-id=\"45b90d1\" data-element_type=\"widget\" data-widget_type=\"text-editor.default\">\n\t\t\t\t<div class=\"elementor-widget-container\">\n\t\t\t\t\t\t\t\t\t<p><span style=\"color: #000000;\">Lis\u00e4\u00e4 tapahtumia l\u00f6yd\u00e4t <a href=\"https:\/\/www.magnacartary.com\/en\/events\/\">Events<\/a>-sivulta. Muistathan my\u00f6s lukea tapahtumien s\u00e4\u00e4nn\u00f6t.<\/span><\/p>\t\t\t\t\t\t\t\t<\/div>\n\t\t\t\t<\/div>\n\t\t\t\t<div class=\"elementor-element elementor-element-11c7c0f elementor-grid-4 elementor-grid-tablet-2 elementor-grid-mobile-1 elementor-widget elementor-widget-loop-grid\" data-id=\"11c7c0f\" data-element_type=\"widget\" data-settings=\"{&quot;template_id&quot;:180,&quot;columns&quot;:4,&quot;pagination_type&quot;:&quot;load_more_on_click&quot;,&quot;_skin&quot;:&quot;post&quot;,&quot;columns_tablet&quot;:&quot;2&quot;,&quot;columns_mobile&quot;:&quot;1&quot;,&quot;edit_handle_selector&quot;:&quot;[data-elementor-type=\\&quot;loop-item\\&quot;]&quot;,&quot;load_more_spinner&quot;:{&quot;value&quot;:&quot;fas fa-spinner&quot;,&quot;library&quot;:&quot;fa-solid&quot;},&quot;row_gap&quot;:{&quot;unit&quot;:&quot;px&quot;,&quot;size&quot;:&quot;&quot;,&quot;sizes&quot;:[]},&quot;row_gap_tablet&quot;:{&quot;unit&quot;:&quot;px&quot;,&quot;size&quot;:&quot;&quot;,&quot;sizes&quot;:[]},&quot;row_gap_mobile&quot;:{&quot;unit&quot;:&quot;px&quot;,&quot;size&quot;:&quot;&quot;,&quot;sizes&quot;:[]}}\" data-widget_type=\"loop-grid.post\">\n\t\t\t\t<div class=\"elementor-widget-container\">\n\t\t\t\t\t\t\t<div class=\"e-loop-nothing-found-message\">\n\t\t<\/div>\n\t\t\t\t\t\t<\/div>\n\t\t\t\t<\/div>\n\t\t\t\t<\/div>\n\t\t\t\t\t<\/div>\n\t\t\t\t<\/div>\n\t\t<div class=\"elementor-element elementor-element-90975d9 e-flex e-con-boxed wpr-particle-no wpr-jarallax-no wpr-parallax-no wpr-sticky-section-no e-con e-parent\" data-id=\"90975d9\" data-element_type=\"container\">\n\t\t\t\t\t<div class=\"e-con-inner\">\n\t\t<div class=\"elementor-element elementor-element-3f343cf e-con-full e-flex wpr-particle-no wpr-jarallax-no wpr-parallax-no wpr-sticky-section-no e-con e-child\" data-id=\"3f343cf\" data-element_type=\"container\">\n\t\t\t\t<div class=\"elementor-element elementor-element-5d8bc0e elementor-widget elementor-widget-heading\" data-id=\"5d8bc0e\" data-element_type=\"widget\" data-widget_type=\"heading.default\">\n\t\t\t\t<div class=\"elementor-widget-container\">\n\t\t\t\t\t<h2 class=\"elementor-heading-title elementor-size-default\">Our supporters<\/h2>\t\t\t\t<\/div>\n\t\t\t\t<\/div>\n\t\t\t\t<div class=\"elementor-element elementor-element-6e95a85 elementor-widget elementor-widget-gallery\" data-id=\"6e95a85\" data-element_type=\"widget\" data-settings=\"{&quot;aspect_ratio&quot;:&quot;4:3&quot;,&quot;gap&quot;:{&quot;unit&quot;:&quot;px&quot;,&quot;size&quot;:50,&quot;sizes&quot;:[]},&quot;lazyload&quot;:&quot;yes&quot;,&quot;gallery_layout&quot;:&quot;grid&quot;,&quot;columns&quot;:4,&quot;columns_tablet&quot;:2,&quot;columns_mobile&quot;:1,&quot;gap_tablet&quot;:{&quot;unit&quot;:&quot;px&quot;,&quot;size&quot;:10,&quot;sizes&quot;:[]},&quot;gap_mobile&quot;:{&quot;unit&quot;:&quot;px&quot;,&quot;size&quot;:10,&quot;sizes&quot;:[]},&quot;content_hover_animation&quot;:&quot;fade-in&quot;}\" data-widget_type=\"gallery.default\">\n\t\t\t\t<div class=\"elementor-widget-container\">\n\t\t\t\t\t\t\t<div class=\"elementor-gallery__container\">\n\t\t\t\t\t\t\t<div class=\"e-gallery-item elementor-gallery-item elementor-animated-content\">\n\t\t\t\t\t<div class=\"e-gallery-image elementor-gallery-item__image\" data-thumbnail=\"https:\/\/www.magnacartary.com\/wp-content\/uploads\/2024\/04\/teerenpeli_jyvaskyla-edited.webp\" data-width=\"300\" data-height=\"300\" aria-label=\"\" role=\"img\" ><\/div>\n\t\t\t\t\t\t\t\t\t\t\t\t\t\t<\/div>\n\t\t\t\t\t\t\t<div class=\"e-gallery-item elementor-gallery-item elementor-animated-content\">\n\t\t\t\t\t<div class=\"e-gallery-image elementor-gallery-item__image\" data-thumbnail=\"https:\/\/www.magnacartary.com\/wp-content\/uploads\/2024\/04\/semma-logo-restaurants-and-bakery-300x265.webp\" data-width=\"300\" data-height=\"265\" aria-label=\"\" role=\"img\" ><\/div>\n\t\t\t\t\t\t\t\t\t\t\t\t\t\t<\/div>\n\t\t\t\t\t\t\t<div class=\"e-gallery-item elementor-gallery-item elementor-animated-content\">\n\t\t\t\t\t<div class=\"e-gallery-image elementor-gallery-item__image\" data-thumbnail=\"https:\/\/www.magnacartary.com\/wp-content\/uploads\/2024\/04\/Reilu-ihmiselle-ja-ymparistolle-digitarra_musta-300x300.png\" data-width=\"300\" data-height=\"300\" aria-label=\"\" role=\"img\" ><\/div>\n\t\t\t\t\t\t\t\t\t\t\t\t\t\t<\/div>\n\t\t\t\t\t\t\t<div class=\"e-gallery-item elementor-gallery-item elementor-animated-content\">\n\t\t\t\t\t<div class=\"e-gallery-image elementor-gallery-item__image\" data-thumbnail=\"https:\/\/www.magnacartary.com\/wp-content\/uploads\/2024\/07\/logo-1-300x67.webp\" data-width=\"300\" data-height=\"67\" aria-label=\"\" role=\"img\" ><\/div>\n\t\t\t\t\t\t\t\t\t\t\t\t\t\t<\/div>\n\t\t\t\t\t\t\t<div class=\"e-gallery-item elementor-gallery-item elementor-animated-content\">\n\t\t\t\t\t<div class=\"e-gallery-image elementor-gallery-item__image\" data-thumbnail=\"https:\/\/www.magnacartary.com\/wp-content\/uploads\/2024\/04\/instru-300x91.png\" data-width=\"300\" data-height=\"91\" aria-label=\"\" role=\"img\" ><\/div>\n\t\t\t\t\t\t\t\t\t\t\t\t\t\t<\/div>\n\t\t\t\t\t\t\t<div class=\"e-gallery-item elementor-gallery-item elementor-animated-content\">\n\t\t\t\t\t<div class=\"e-gallery-image elementor-gallery-item__image\" data-thumbnail=\"https:\/\/www.magnacartary.com\/wp-content\/uploads\/2025\/09\/freetime-300x300.png\" data-width=\"300\" data-height=\"300\" aria-label=\"\" role=\"img\" ><\/div>\n\t\t\t\t\t\t\t\t\t\t\t\t\t\t<\/div>\n\t\t\t\t\t\t\t<div class=\"e-gallery-item elementor-gallery-item elementor-animated-content\">\n\t\t\t\t\t<div class=\"e-gallery-image elementor-gallery-item__image\" data-thumbnail=\"https:\/\/www.magnacartary.com\/wp-content\/uploads\/2025\/09\/revolution-1-300x300.png\" data-width=\"300\" data-height=\"300\" aria-label=\"\" role=\"img\" ><\/div>\n\t\t\t\t\t\t\t\t\t\t\t\t\t\t<\/div>\n\t\t\t\t\t\t\t<div class=\"e-gallery-item elementor-gallery-item elementor-animated-content\">\n\t\t\t\t\t<div class=\"e-gallery-image elementor-gallery-item__image\" data-thumbnail=\"https:\/\/www.magnacartary.com\/wp-content\/uploads\/2025\/09\/urban-300x300.png\" data-width=\"300\" data-height=\"300\" aria-label=\"\" role=\"img\" ><\/div>\n\t\t\t\t\t\t\t\t\t\t\t\t\t\t<\/div>\n\t\t\t\t\t\t\t<div class=\"e-gallery-item elementor-gallery-item elementor-animated-content\">\n\t\t\t\t\t<div class=\"e-gallery-image elementor-gallery-item__image\" data-thumbnail=\"https:\/\/www.magnacartary.com\/wp-content\/uploads\/2024\/11\/JYY-logo-vari-1-300x300.png\" data-width=\"300\" data-height=\"300\" aria-label=\"\" role=\"img\" ><\/div>\n\t\t\t\t\t\t\t\t\t\t\t\t\t\t<\/div>\n\t\t\t\t\t<\/div>\n\t\t\t\t\t<\/div>\n\t\t\t\t<\/div>\n\t\t\t\t<\/div>\n\t\t\t\t\t<\/div>\n\t\t\t\t<\/div>\n\t\t\t\t<\/div>","protected":false},"excerpt":{"rendered":"<p>Tervetuloa Magna Cartaan Magna Carta ry on Jyv\u00e4skyl\u00e4n yliopistossa englantia p\u00e4\u00e4- tai sivuaineena\u00a0opiskelevia opiskelijoita edustava ainej\u00e4rjest\u00f6. Magna Carta on\u00a0perustettu vuonna 1958, ja se rekister\u00f6ityi yhdistykseksi vuonna 2006.\u00a0Yhdistys on perustettu edist\u00e4m\u00e4\u00e4n Jyv\u00e4skyl\u00e4n yliopiston englannin kielen\u00a0opiskelijoiden hyvinvointia sek\u00e4 koulutuksellista asemaa ja etuja.\u00a0Yhdistys pyrkii vaalimaan my\u00f6nteist\u00e4 ja avointa ilmapiiri\u00e4 Jyv\u00e4skyl\u00e4n\u00a0yliopiston kieli- ja viestint\u00e4tieteiden laitoksella. Tarkoituksensa\u00a0toteuttamiseksi yhdistys pit\u00e4\u00e4 yll\u00e4 suhteita Jyv\u00e4skyl\u00e4n yliopiston\u00a0ylioppilaskuntaan sek\u00e4 muihin yhdistyksiin sek\u00e4 j\u00e4rjest\u00e4\u00e4 tiedotus-,\u00a0kulttuuri-, keskustelu- ja seminaaritoimintaa sek\u00e4 retki\u00e4 ja juhlia. Tapahtumat Lis\u00e4\u00e4 tapahtumia l\u00f6yd\u00e4t Tapahtumat-sivulta. Muistathan my\u00f6s lukea tapahtumien s\u00e4\u00e4nn\u00f6t. Tukenamme<\/p>","protected":false},"author":1,"featured_media":0,"parent":0,"menu_order":0,"comment_status":"closed","ping_status":"closed","template":"elementor_header_footer","meta":{"footnotes":""},"class_list":["post-17","page","type-page","status-publish","hentry"],"_links":{"self":[{"href":"https:\/\/www.magnacartary.com\/en\/wp-json\/wp\/v2\/pages\/17","targetHints":{"allow":["GET"]}}],"collection":[{"href":"https:\/\/www.magnacartary.com\/en\/wp-json\/wp\/v2\/pages"}],"about":[{"href":"https:\/\/www.magnacartary.com\/en\/wp-json\/wp\/v2\/types\/page"}],"author":[{"embeddable":true,"href":"https:\/\/www.magnacartary.com\/en\/wp-json\/wp\/v2\/users\/1"}],"replies":[{"embeddable":true,"href":"https:\/\/www.magnacartary.com\/en\/wp-json\/wp\/v2\/comments?post=17"}],"version-history":[{"count":146,"href":"https:\/\/www.magnacartary.com\/en\/wp-json\/wp\/v2\/pages\/17\/revisions"}],"predecessor-version":[{"id":1547,"href":"https:\/\/www.magnacartary.com\/en\/wp-json\/wp\/v2\/pages\/17\/revisions\/1547"}],"wp:attachment":[{"href":"https:\/\/www.magnacartary.com\/en\/wp-json\/wp\/v2\/media?parent=17"}],"curies":[{"name":"wp","href":"https:\/\/api.w.org\/{rel}","templated":true}]}}