{"id":1137,"date":"2025-01-12T12:59:10","date_gmt":"2025-01-12T10:59:10","guid":{"rendered":"http:\/\/www.magnacartary.com\/?page_id=1137"},"modified":"2025-09-24T20:22:50","modified_gmt":"2025-09-24T17:22:50","slug":"liity-jaseneksi","status":"publish","type":"page","link":"https:\/\/www.magnacartary.com\/en\/liity-jaseneksi\/","title":{"rendered":"Become a member"},"content":{"rendered":"<div data-elementor-type=\"wp-page\" data-elementor-id=\"1137\" class=\"elementor elementor-1137\" data-elementor-post-type=\"page\">\n\t\t\t\t<div class=\"elementor-element elementor-element-aabd4de e-flex e-con-boxed wpr-particle-no wpr-jarallax-no wpr-parallax-no wpr-sticky-section-no e-con e-parent\" data-id=\"aabd4de\" data-element_type=\"container\">\n\t\t\t\t\t<div class=\"e-con-inner\">\n\t\t\t\t<div class=\"elementor-element elementor-element-0ad3701 elementor-widget elementor-widget-spacer\" data-id=\"0ad3701\" data-element_type=\"widget\" data-widget_type=\"spacer.default\">\n\t\t\t\t<div class=\"elementor-widget-container\">\n\t\t\t\t\t\t\t<div class=\"elementor-spacer\">\n\t\t\t<div class=\"elementor-spacer-inner\"><\/div>\n\t\t<\/div>\n\t\t\t\t\t\t<\/div>\n\t\t\t\t<\/div>\n\t\t\t\t\t<\/div>\n\t\t\t\t<\/div>\n\t\t<div class=\"elementor-element elementor-element-500a185 e-flex e-con-boxed wpr-particle-no wpr-jarallax-no wpr-parallax-no wpr-sticky-section-no e-con e-parent\" data-id=\"500a185\" data-element_type=\"container\">\n\t\t\t\t\t<div class=\"e-con-inner\">\n\t\t\t\t<div class=\"elementor-element elementor-element-d40876f elementor-widget elementor-widget-heading\" data-id=\"d40876f\" data-element_type=\"widget\" data-widget_type=\"heading.default\">\n\t\t\t\t<div class=\"elementor-widget-container\">\n\t\t\t\t\t<h2 class=\"elementor-heading-title elementor-size-default\">Become a member<\/h2>\t\t\t\t<\/div>\n\t\t\t\t<\/div>\n\t\t\t\t\t<\/div>\n\t\t\t\t<\/div>\n\t\t<div class=\"elementor-element elementor-element-3f00c9b e-flex e-con-boxed wpr-particle-no wpr-jarallax-no wpr-parallax-no wpr-sticky-section-no e-con e-parent\" data-id=\"3f00c9b\" data-element_type=\"container\">\n\t\t\t\t\t<div class=\"e-con-inner\">\n\t\t\t\t<div class=\"elementor-element elementor-element-dac1be4 elementor-widget elementor-widget-spacer\" data-id=\"dac1be4\" data-element_type=\"widget\" data-widget_type=\"spacer.default\">\n\t\t\t\t<div class=\"elementor-widget-container\">\n\t\t\t\t\t\t\t<div class=\"elementor-spacer\">\n\t\t\t<div class=\"elementor-spacer-inner\"><\/div>\n\t\t<\/div>\n\t\t\t\t\t\t<\/div>\n\t\t\t\t<\/div>\n\t\t\t\t\t<\/div>\n\t\t\t\t<\/div>\n\t\t<div class=\"elementor-element elementor-element-f80a911 e-flex e-con-boxed wpr-particle-no wpr-jarallax-no wpr-parallax-no wpr-sticky-section-no e-con e-parent\" data-id=\"f80a911\" data-element_type=\"container\">\n\t\t\t\t\t<div class=\"e-con-inner\">\n\t\t\t\t<div class=\"elementor-element elementor-element-318bd56 elementor-widget elementor-widget-text-editor\" data-id=\"318bd56\" data-element_type=\"widget\" data-widget_type=\"text-editor.default\">\n\t\t\t\t<div class=\"elementor-widget-container\">\n\t\t\t\t\t\t\t\t\t<p>Only students who study English as their major or minor subject in the University of Jyv\u00e4skyl\u00e4 can be members of Magna Carta.<\/p>\n<p>In the future, Magna Carta\u2019s memberships and event tickets will be found in one place: Kide.app. The system automatically verifies the validity of memberships, making it easier to purchase event tickets at member price. As a member of our association, you can easily edit your user account or membership-related information on Kide.app in the \u201cMy Account\u201d section, as well as through the membership card in the Kide.app wallet. In the future, membership can be proven by showing either the Kide.app membership card or Magna Carta\u2019s membership sticker.<\/p><p>When purchasing a membership, you can choose whether you want to join Magna\u2019s official mailing list. The list provides information about Magna Carta ry\u2019s events, study-related updates, and other useful content. <b>Note! You can only join the list with an active jyu.fi email address.<\/b><\/p>\n<p>As an existing member, you can activate your membership for free. Please go to Kide.app, create a username or log in with your existing credentials, and activate your membership through the following links:<\/p>\n<p>Year 2025 <a href=\"https:\/\/kide.app\/memberships\/6cd1e64a-534e-4497-889a-9fbf48fb78b3\">https:\/\/kide.app\/memberships\/6cd1e64a-534e-4497-889a-9fbf48fb78b3<\/a><\/p>\n<p>Year 2024:&nbsp;<a href=\"https:\/\/kide.app\/memberships\/62919fd3-6194-4ed2-a2a8-072772689402\">https:\/\/kide.app\/memberships\/62919fd3-6194-4ed2-a2a8-072772689402<\/a><\/p>\n<p>Year 2023:&nbsp;<a href=\"https:\/\/kide.app\/memberships\/cec3e07b-afd3-407f-b258-a00eff3507d4\">https:\/\/kide.app\/memberships\/cec3e07b-afd3-407f-b258-a00eff3507d4<\/a><\/p>\n<p>Year 2022:&nbsp;<a href=\"https:\/\/kide.app\/memberships\/c862e630-dd37-49ba-8874-ae100f2ea461\">https:\/\/kide.app\/memberships\/c862e630-dd37-49ba-8874-ae100f2ea461<\/a><\/p>\n<p>Year 2021:&nbsp;<a href=\"https:\/\/kide.app\/memberships\/a0341fa6-5df0-4cec-aa02-0194bea742c1\">https:\/\/kide.app\/memberships\/a0341fa6-5df0-4cec-aa02-0194bea742c1<\/a><\/p>\n<p>Year 2020:&nbsp;<a href=\"https:\/\/kide.app\/memberships\/ae2c96aa-4674-4ea2-9a5a-8126b3009b81\">https:\/\/kide.app\/memberships\/ae2c96aa-4674-4ea2-9a5a-8126b3009b81<\/a><\/p>\n<p>Year 2019:&nbsp;<a href=\"https:\/\/kide.app\/memberships\/dc890a04-3f6e-4f18-9a96-63be39bfc41a\">https:\/\/kide.app\/memberships\/dc890a04-3f6e-4f18-9a96-63be39bfc41a<\/a><\/p>\n<p>If you have English as your minor, choose the year you received the right to study English.<\/p>\n<p>If you started your studies before 2019, still have a valid right to study, and wish to become a member, please contact the person responsible for the membership register at <a href=\"mailto:venla.a.a.kallioniemi@student.jyu.fi\">venla.a.a.kallioniemi@student.jyu.fi<\/a><\/p>\n<p>Membership cannot be used immediately after purchase; it will remain pending activation. The membership will be activated once the board has approved your application in a board meeting. The board meets once a month during the academic year, so please note that activation may be delayed.<\/p>\t\t\t\t\t\t\t\t<\/div>\n\t\t\t\t<\/div>\n\t\t\t\t\t<\/div>\n\t\t\t\t<\/div>\n\t\t\t\t<\/div>","protected":false},"excerpt":{"rendered":"<p>Liity j\u00e4seneksi Vain Jyv\u00e4skyl\u00e4n yliopistossa englantia p\u00e4\u00e4- tai sivuaineena opiskelevat opiskelijat voivat olla Magna Carta ry:n j\u00e4seni\u00e4. Jatkossa Magna Carta ry:n j\u00e4senyydet ja tapahtumaliput l\u00f6ytyv\u00e4t yhdest\u00e4 paikasta: Kide.appista. J\u00e4rjestelm\u00e4 tarkistaa automaattisesti j\u00e4senyyksien voimassaolon, mik\u00e4 helpottaa j\u00e4senhintaisten tapahtumalippujen ostamista. Yhdistyksemme j\u00e4senen\u00e4 voit helposti muokata k\u00e4ytt\u00e4j\u00e4tiliisi tai j\u00e4senyyteen liittyvi\u00e4 tietoja Kide.appissa \u201dOma tili\u201d -osiossa sek\u00e4 Kide.app-lompakossa olevan j\u00e4senkortin kautta. Jatkossa j\u00e4senyys voidaan todistaa joko Kide.appin j\u00e4senkortilla tai Magna Cartan j\u00e4sentarralla. J\u00e4senyyden oston yhteydess\u00e4 voit valita, haluatko liitty\u00e4 Magnan viralliselle s\u00e4hk\u00f6postilistalle. Listalle tulee tietoa Magna Carta ry:n tapahtumista, infoa opiskeluihin liittyen ja muuta hy\u00f6dyllist\u00e4. HUOM! Listalle voi liitty\u00e4n ainoastaan aktiivisella jyu.fi-s\u00e4hk\u00f6postilla. Olemassa olevana j\u00e4senen\u00e4 voit aktivoida j\u00e4senyytesi ilmaiseksi. Siirry Kide.appiin, luo k\u00e4ytt\u00e4j\u00e4tunnus tai kirjaudu sis\u00e4\u00e4n olemassa olevilla tunnuksillasi ja aktivoi j\u00e4senyytesi seuraavien linkkien kautta: Vuosi 2025: https:\/\/kide.app\/memberships\/6cd1e64a-534e-4497-889a-9fbf48fb78b3 Vuosi 2024:&nbsp;https:\/\/kide.app\/memberships\/62919fd3-6194-4ed2-a2a8-072772689402 Vuosi 2023:&nbsp;https:\/\/kide.app\/memberships\/cec3e07b-afd3-407f-b258-a00eff3507d4 Vuosi 2022:&nbsp;https:\/\/kide.app\/memberships\/c862e630-dd37-49ba-8874-ae100f2ea461 Vuosi 2021:&nbsp;https:\/\/kide.app\/memberships\/a0341fa6-5df0-4cec-aa02-0194bea742c1 Vuosi 2020:&nbsp;https:\/\/kide.app\/memberships\/ae2c96aa-4674-4ea2-9a5a-8126b3009b81 Vuosi 2019:&nbsp;https:\/\/kide.app\/memberships\/dc890a04-3f6e-4f18-9a96-63be39bfc41a Jos olet sivuaineopiskelija, valitse vuosi, jolloin olet saanut opinto-oikeuden englannin sivuaineopintoihin. Jos olet aloittanut opintosi ennen vuotta 2019, sinulla on edelleen voimassa oleva opiskeluoikeus ja haluat liitty\u00e4 j\u00e4seneksi, ota yhteytt\u00e4 j\u00e4senrekisterin vastuuhenkil\u00f6\u00f6n venla.a.a.kallioniemi@student.jyu.fi J\u00e4senyytt\u00e4 ei voi k\u00e4ytt\u00e4\u00e4 heti oston j\u00e4lkeen, vaan se j\u00e4\u00e4 odottamaan aktivointia. J\u00e4senyys aktivoidaan, kun hallitus on hyv\u00e4ksynyt sinut j\u00e4seneksi hallituksen kokouksessa. Hallitus kokoustaa lukuvuoden aikana kerran kuukaudessa, joten otathan huomioon, ett\u00e4 aktivointi tapahtuu viiveell\u00e4.<\/p>","protected":false},"author":1,"featured_media":0,"parent":0,"menu_order":0,"comment_status":"closed","ping_status":"closed","template":"","meta":{"footnotes":""},"class_list":["post-1137","page","type-page","status-publish","hentry"],"_links":{"self":[{"href":"https:\/\/www.magnacartary.com\/en\/wp-json\/wp\/v2\/pages\/1137","targetHints":{"allow":["GET"]}}],"collection":[{"href":"https:\/\/www.magnacartary.com\/en\/wp-json\/wp\/v2\/pages"}],"about":[{"href":"https:\/\/www.magnacartary.com\/en\/wp-json\/wp\/v2\/types\/page"}],"author":[{"embeddable":true,"href":"https:\/\/www.magnacartary.com\/en\/wp-json\/wp\/v2\/users\/1"}],"replies":[{"embeddable":true,"href":"https:\/\/www.magnacartary.com\/en\/wp-json\/wp\/v2\/comments?post=1137"}],"version-history":[{"count":29,"href":"https:\/\/www.magnacartary.com\/en\/wp-json\/wp\/v2\/pages\/1137\/revisions"}],"predecessor-version":[{"id":1572,"href":"https:\/\/www.magnacartary.com\/en\/wp-json\/wp\/v2\/pages\/1137\/revisions\/1572"}],"wp:attachment":[{"href":"https:\/\/www.magnacartary.com\/en\/wp-json\/wp\/v2\/media?parent=1137"}],"curies":[{"name":"wp","href":"https:\/\/api.w.org\/{rel}","templated":true}]}}