{"id":1114,"date":"2025-01-11T12:47:03","date_gmt":"2025-01-11T10:47:03","guid":{"rendered":"http:\/\/www.magnacartary.com\/?page_id=1114"},"modified":"2025-11-28T17:09:52","modified_gmt":"2025-11-28T15:09:52","slug":"strategiat","status":"publish","type":"page","link":"https:\/\/www.magnacartary.com\/en\/strategiat\/","title":{"rendered":"Strategies (in Finnish)"},"content":{"rendered":"<div data-elementor-type=\"wp-page\" data-elementor-id=\"1114\" class=\"elementor elementor-1114\" data-elementor-post-type=\"page\">\n\t\t\t\t<div class=\"elementor-element elementor-element-057c71f e-flex e-con-boxed wpr-particle-no wpr-jarallax-no wpr-parallax-no wpr-sticky-section-no e-con e-parent\" data-id=\"057c71f\" data-element_type=\"container\">\n\t\t\t\t\t<div class=\"e-con-inner\">\n\t\t\t\t<div class=\"elementor-element elementor-element-12e1356 elementor-widget elementor-widget-spacer\" data-id=\"12e1356\" data-element_type=\"widget\" data-widget_type=\"spacer.default\">\n\t\t\t\t<div class=\"elementor-widget-container\">\n\t\t\t\t\t\t\t<div class=\"elementor-spacer\">\n\t\t\t<div class=\"elementor-spacer-inner\"><\/div>\n\t\t<\/div>\n\t\t\t\t\t\t<\/div>\n\t\t\t\t<\/div>\n\t\t\t\t\t<\/div>\n\t\t\t\t<\/div>\n\t\t<div class=\"elementor-element elementor-element-949156c e-flex e-con-boxed wpr-particle-no wpr-jarallax-no wpr-parallax-no wpr-sticky-section-no e-con e-parent\" data-id=\"949156c\" data-element_type=\"container\">\n\t\t\t\t\t<div class=\"e-con-inner\">\n\t\t\t\t<div class=\"elementor-element elementor-element-fa7d55b elementor-widget elementor-widget-heading\" data-id=\"fa7d55b\" data-element_type=\"widget\" data-widget_type=\"heading.default\">\n\t\t\t\t<div class=\"elementor-widget-container\">\n\t\t\t\t\t<h2 class=\"elementor-heading-title elementor-size-default\">Strategies (in Finnish)<\/h2>\t\t\t\t<\/div>\n\t\t\t\t<\/div>\n\t\t\t\t<div class=\"elementor-element elementor-element-120075a elementor-widget elementor-widget-spacer\" data-id=\"120075a\" data-element_type=\"widget\" data-widget_type=\"spacer.default\">\n\t\t\t\t<div class=\"elementor-widget-container\">\n\t\t\t\t\t\t\t<div class=\"elementor-spacer\">\n\t\t\t<div class=\"elementor-spacer-inner\"><\/div>\n\t\t<\/div>\n\t\t\t\t\t\t<\/div>\n\t\t\t\t<\/div>\n\t\t\t\t\t<\/div>\n\t\t\t\t<\/div>\n\t\t<div class=\"elementor-element elementor-element-c4670ba e-flex e-con-boxed wpr-particle-no wpr-jarallax-no wpr-parallax-no wpr-sticky-section-no e-con e-parent\" data-id=\"c4670ba\" data-element_type=\"container\">\n\t\t\t\t\t<div class=\"e-con-inner\">\n\t\t\t\t<div class=\"elementor-element elementor-element-ddfcc5f elementor-widget elementor-widget-text-editor\" data-id=\"ddfcc5f\" data-element_type=\"widget\" data-widget_type=\"text-editor.default\">\n\t\t\t\t<div class=\"elementor-widget-container\">\n\t\t\t\t\t\t\t\t\t<p>Here are links to Magna Carta's equality strategy and communication strategy.<\/p><p><a style=\"font-family: var( --e-global-typography-accent-font-family ), Sans-serif; font-size: var( --e-global-typography-accent-font-size ); font-weight: var( --e-global-typography-accent-font-weight );\" href=\"http:\/\/www.magnacartary.com\/wp-content\/uploads\/2025\/11\/Magna-Carta-ry-Yhdenvertaisuussuunnitelma-2024-2027.pdf\">Equality strategy 2024-2027<\/a><\/p><p><a href=\"http:\/\/www.magnacartary.com\/wp-content\/uploads\/2025\/11\/Toimintatavat-kiusaamisen-hairinnan-ja-syrjinnan-ennaltaehkaisyyn-ja-niihin-puuttumiseen.pdf\">Toimintatavat kiusaamisen, h\u00e4irinn\u00e4n ja syrjinn\u00e4n ennaltaehk\u00e4isyyn ja niihin puuttumiseen<\/a><\/p><p><a style=\"text-decoration-line: none; font-family: var( --e-global-typography-accent-font-family ), Sans-serif; font-size: var( --e-global-typography-accent-font-size ); font-weight: var( --e-global-typography-accent-font-weight );\" href=\"http:\/\/www.magnacartary.com\/wp-content\/uploads\/2025\/11\/Viestintastrategia-24-27.pdf\">Viestint\u00e4strategia 2024-2027<\/a><\/p><p><a href=\"http:\/\/www.magnacartary.com\/wp-content\/uploads\/2025\/11\/Ymparisto-ja-kehitysyhteistyostrategia-26.pdf\">Ymp\u00e4rist\u00f6- ja kehitysyhteisty\u00f6strategia 2026-2027<\/a><\/p>\t\t\t\t\t\t\t\t<\/div>\n\t\t\t\t<\/div>\n\t\t\t\t\t<\/div>\n\t\t\t\t<\/div>\n\t\t\t\t<\/div>","protected":false},"excerpt":{"rendered":"<p>Strategiat Seuraavista linkeist\u00e4 l\u00f6yd\u00e4t Magna Carta ry:n yhdenmukaisuus- ja kommunikaatiostrategiat. Yhdenmukaisuusstrategia 2024-2027 Toimintatavat kiusaamisen, h\u00e4irinn\u00e4n ja syrjinn\u00e4n ennaltaehk\u00e4isyyn ja niihin puuttumiseen Viestint\u00e4strategia 2024-2027 Ymp\u00e4rist\u00f6- ja kehitysyhteisty\u00f6strategia 2026-2027<\/p>","protected":false},"author":1,"featured_media":0,"parent":0,"menu_order":0,"comment_status":"closed","ping_status":"closed","template":"","meta":{"footnotes":""},"class_list":["post-1114","page","type-page","status-publish","hentry"],"_links":{"self":[{"href":"https:\/\/www.magnacartary.com\/en\/wp-json\/wp\/v2\/pages\/1114","targetHints":{"allow":["GET"]}}],"collection":[{"href":"https:\/\/www.magnacartary.com\/en\/wp-json\/wp\/v2\/pages"}],"about":[{"href":"https:\/\/www.magnacartary.com\/en\/wp-json\/wp\/v2\/types\/page"}],"author":[{"embeddable":true,"href":"https:\/\/www.magnacartary.com\/en\/wp-json\/wp\/v2\/users\/1"}],"replies":[{"embeddable":true,"href":"https:\/\/www.magnacartary.com\/en\/wp-json\/wp\/v2\/comments?post=1114"}],"version-history":[{"count":8,"href":"https:\/\/www.magnacartary.com\/en\/wp-json\/wp\/v2\/pages\/1114\/revisions"}],"predecessor-version":[{"id":1598,"href":"https:\/\/www.magnacartary.com\/en\/wp-json\/wp\/v2\/pages\/1114\/revisions\/1598"}],"wp:attachment":[{"href":"https:\/\/www.magnacartary.com\/en\/wp-json\/wp\/v2\/media?parent=1114"}],"curies":[{"name":"wp","href":"https:\/\/api.w.org\/{rel}","templated":true}]}}