{"id":1073,"date":"2025-01-11T12:04:09","date_gmt":"2025-01-11T10:04:09","guid":{"rendered":"http:\/\/www.magnacartary.com\/?page_id=1073"},"modified":"2025-05-16T10:44:02","modified_gmt":"2025-05-16T07:44:02","slug":"yhdistyksen-saannot","status":"publish","type":"page","link":"https:\/\/www.magnacartary.com\/en\/yhdistyksen-saannot\/","title":{"rendered":"Association's Rules (in Finnish)"},"content":{"rendered":"<div data-elementor-type=\"wp-page\" data-elementor-id=\"1073\" class=\"elementor elementor-1073\" data-elementor-post-type=\"page\">\n\t\t\t\t<div class=\"elementor-element elementor-element-73b481c e-flex e-con-boxed wpr-particle-no wpr-jarallax-no wpr-parallax-no wpr-sticky-section-no e-con e-parent\" data-id=\"73b481c\" data-element_type=\"container\">\n\t\t\t\t\t<div class=\"e-con-inner\">\n\t\t\t\t<div class=\"elementor-element elementor-element-a086942 elementor-widget elementor-widget-spacer\" data-id=\"a086942\" data-element_type=\"widget\" data-widget_type=\"spacer.default\">\n\t\t\t\t<div class=\"elementor-widget-container\">\n\t\t\t\t\t\t\t<div class=\"elementor-spacer\">\n\t\t\t<div class=\"elementor-spacer-inner\"><\/div>\n\t\t<\/div>\n\t\t\t\t\t\t<\/div>\n\t\t\t\t<\/div>\n\t\t\t\t\t<\/div>\n\t\t\t\t<\/div>\n\t\t<div class=\"elementor-element elementor-element-4f0e6ad e-flex e-con-boxed wpr-particle-no wpr-jarallax-no wpr-parallax-no wpr-sticky-section-no e-con e-parent\" data-id=\"4f0e6ad\" data-element_type=\"container\">\n\t\t\t\t\t<div class=\"e-con-inner\">\n\t\t\t\t<div class=\"elementor-element elementor-element-64f2128 elementor-widget elementor-widget-heading\" data-id=\"64f2128\" data-element_type=\"widget\" data-widget_type=\"heading.default\">\n\t\t\t\t<div class=\"elementor-widget-container\">\n\t\t\t\t\t<h2 class=\"elementor-heading-title elementor-size-default\">Association's rules (in Finnish)<\/h2>\t\t\t\t<\/div>\n\t\t\t\t<\/div>\n\t\t\t\t\t<\/div>\n\t\t\t\t<\/div>\n\t\t<div class=\"elementor-element elementor-element-94b4a35 e-flex e-con-boxed wpr-particle-no wpr-jarallax-no wpr-parallax-no wpr-sticky-section-no e-con e-parent\" data-id=\"94b4a35\" data-element_type=\"container\">\n\t\t\t\t\t<div class=\"e-con-inner\">\n\t\t\t\t<div class=\"elementor-element elementor-element-5cfe321 elementor-widget elementor-widget-spacer\" data-id=\"5cfe321\" data-element_type=\"widget\" data-widget_type=\"spacer.default\">\n\t\t\t\t<div class=\"elementor-widget-container\">\n\t\t\t\t\t\t\t<div class=\"elementor-spacer\">\n\t\t\t<div class=\"elementor-spacer-inner\"><\/div>\n\t\t<\/div>\n\t\t\t\t\t\t<\/div>\n\t\t\t\t<\/div>\n\t\t\t\t\t<\/div>\n\t\t\t\t<\/div>\n\t\t<div class=\"elementor-element elementor-element-6458d66 e-flex e-con-boxed wpr-particle-no wpr-jarallax-no wpr-parallax-no wpr-sticky-section-no e-con e-parent\" data-id=\"6458d66\" data-element_type=\"container\">\n\t\t\t\t\t<div class=\"e-con-inner\">\n\t\t\t\t<div class=\"elementor-element elementor-element-1f341cf elementor-widget elementor-widget-text-editor\" data-id=\"1f341cf\" data-element_type=\"widget\" data-widget_type=\"text-editor.default\">\n\t\t\t\t<div class=\"elementor-widget-container\">\n\t\t\t\t\t\t\t\t\t<p>1\u00a7 Yhdistyksen nimi ja kotipaikka\u00a0<\/p><p>Yhdistyksen nimi on Jyv\u00e4skyl\u00e4n yliopiston englannin kielen opiskelijoiden ainej\u00e4rjest\u00f6 Magna Carta ry. Yhdistyksen kotipaikka on Jyv\u00e4skyl\u00e4.\u00a0<\/p><p>\u00a0<\/p><p>2\u00a7 Yhdistyksen tarkoitus\u00a0<\/p><p>Yhdistyksen tarkoitus on edist\u00e4\u00e4 englannin oppiaineen opiskelijoiden opiskeluun liittyvi\u00e4 yleisi\u00e4 ja yhteisi\u00e4 etuja ja toimia opiskelijoiden keskustelufoorumina sek\u00e4 linkkin\u00e4 englannin oppiaineen henkil\u00f6kunnan ja opiskelijoiden v\u00e4lill\u00e4. Yhdistys on perustettu edist\u00e4m\u00e4\u00e4n Jyv\u00e4skyl\u00e4n yliopiston englannin kielen opiskelijoiden hyvinvointia sek\u00e4 koulutuksellista asemaa ja etuja. Yhdistys pyrkii vaalimaan my\u00f6nteist\u00e4 ja avointa ilmapiiri\u00e4 Jyv\u00e4skyl\u00e4n yliopiston kielten laitoksella. Tarkoituksensa toteuttamiseksi yhdistys pit\u00e4\u00e4 yll\u00e4 suhteita Jyv\u00e4skyl\u00e4n yliopiston ylioppilaskuntaan sek\u00e4 muihin yhdistyksiin sek\u00e4 j\u00e4rjest\u00e4\u00e4 tiedotus-, kulttuuri-, keskustelu- ja seminaaritoimintaa sek\u00e4 retki\u00e4 ja juhlia. Toimintansa tukemiseksi yhdistys voi asianmukaisen luvan saatuaan j\u00e4rjest\u00e4\u00e4 rahanker\u00e4yksi\u00e4 ja arpajaisia sek\u00e4 myyj\u00e4isi\u00e4 ja ottaa vastaan lahjoituksia.<\/p><p>\u00a0<\/p><p>3\u00a7 J\u00e4seneksi liittyminen ja j\u00e4senyys<\/p><p>Yhdistyksen opiskelijaj\u00e4seneksi voidaan hyv\u00e4ksy\u00e4 Jyv\u00e4skyl\u00e4n yliopistossa opiskelevat englannin kielen p\u00e4\u00e4- tai sivuaineoikeuden saaneet opiskelijat. J\u00e4seneksi hyv\u00e4ksymisest\u00e4 p\u00e4\u00e4tt\u00e4\u00e4 hallitus. Yhdistyksen alumnij\u00e4seneksi voi liitty\u00e4 Jyv\u00e4skyl\u00e4n yliopiston englannin kielen kandidaatin tai maisterin tutkinto-ohjelmasta valmistunut henkil\u00f6, jonka hallituksen kokous hyv\u00e4ksyy alumnij\u00e4seneksi. J\u00e4senist\u00e4 pidet\u00e4\u00e4n j\u00e4senrekisteri\u00e4. J\u00e4sen on velvollinen ilmoittamaan yhdistyksen hallitukselle, mik\u00e4li h\u00e4nen yhteystietonsa muuttuvat.\u00a0\u00a0<\/p><p>J\u00e4senyys on toistaiseksi voimassa oleva. J\u00e4sen voidaan katsoa eronneeksi, mik\u00e4li h\u00e4n j\u00e4tt\u00e4\u00e4 j\u00e4senmaksun maksamatta tai jos h\u00e4n itse eroaa tai h\u00e4net erotetaan. J\u00e4senmaksu maksetaan seitsem\u00e4n (7) vuoden v\u00e4lein, ja maksu tulee suorittaa yhden (1) kuukauden kuluessa uuden j\u00e4senmaksukauden alkamisen j\u00e4lkeen.<\/p><p>J\u00e4senilt\u00e4 peritt\u00e4v\u00e4n j\u00e4senmaksun suuruudesta p\u00e4\u00e4tt\u00e4\u00e4 syyskokous. Varsinaisten j\u00e4senten j\u00e4senmaksu on kertaluontoinen, ja j\u00e4senyys maksetaan seitsem\u00e4n (7) vuoden v\u00e4lein. Alumnien j\u00e4senmaksu maksetaan vuosittain.<\/p><p>Alumneilta peritt\u00e4v\u00e4n j\u00e4senmaksun suuruuden p\u00e4\u00e4tt\u00e4\u00e4 kev\u00e4tkokous.\u00a0<\/p><p>Yhdistyksen opiskelijaj\u00e4senill\u00e4 on l\u00e4sn\u00e4olo-, puhe- ja \u00e4\u00e4nioikeus yhdistyksen kokouksissa ja l\u00e4sn\u00e4olo- ja puheoikeus hallituksen kokouksissa. Opiskelijaj\u00e4senill\u00e4 on my\u00f6s oikeus osallistua yhdistyksen tapahtumiin, hy\u00f6dynt\u00e4\u00e4 j\u00e4senetuja, sek\u00e4 liitty\u00e4 yhdistyksen hallitukseen.<\/p><p>Alumnij\u00e4senill\u00e4 on oikeus osallistua yhdistyksen toimintaan ja tapahtumiin, kun se on erikseen tapahtuman kuvauksessa mainittu. Alumnij\u00e4senill\u00e4 on l\u00e4sn\u00e4olo- ja puheoikeus, mutta ei \u00e4\u00e4nioikeutta yhdistyksen kokouksissa.<\/p><p>J\u00e4senyys on voimassa, kun j\u00e4senmaksu on suoritettu ja\u00a0 tarvittavat j\u00e4sentietolomakkeet on t\u00e4ytetty. J\u00e4sen voidaan katsoa\u00a0 eronneeksi, mik\u00e4li h\u00e4n ei ole maksanut j\u00e4senmaksuaan 1 kuukauden kuluessa uuden j\u00e4senmaksukauden alkamisen j\u00e4lkeen.\u00a0<\/p><p>\u00a0<\/p><p>4\u00a7 Yhdistyksest\u00e4 eroaminen\u00a0<\/p><p>J\u00e4sen voi erota yhdistyksest\u00e4 ilmoittamalla erostaan kirjallisesti hallitukselle tai sen puheenjohtajalle. Hallitus k\u00e4sittelee asian kokouksessaan.<\/p><p>Hallitus voi erottaa j\u00e4senen yhdistyslain 14\u00a7:ss\u00e4 mainituilla perusteilla.<\/p><p>\u00a0<\/p><p>5\u00a7 J\u00e4senmaksu\u00a0<\/p><p>Opiskelijaj\u00e4senten j\u00e4senmaksu on 10\u20ac<\/p><p>J\u00e4senilt\u00e4 peritt\u00e4v\u00e4n j\u00e4senmaksun suuruuden p\u00e4\u00e4tt\u00e4\u00e4 yhdistyksen syyskokous.\u00a0<\/p><p>Alumneilta peritt\u00e4v\u00e4n j\u00e4senmaksun suuruuden p\u00e4\u00e4tt\u00e4\u00e4 yhdistyksen kev\u00e4tkokous.<\/p><p>\u00a0<\/p><p>6\u00a7 Hallitus<\/p><p>Yhdistyksen asioita hoitaa hallitus, johon kuuluvat syyskokouksessa valitut puheenjohtaja, varapuheenjohtaja, sihteeri, rahastonhoitaja sek\u00e4 4-11 muuta j\u00e4sent\u00e4.\u00a0<\/p><p>Hallituksen j\u00e4senen tulee olla yhdistyksen opiskelijaj\u00e4sen ja h\u00e4nell\u00e4 tulee olla englannin kielen p\u00e4\u00e4- tai sivuaineoikeus.\u00a0<\/p><p>Hallituksen j\u00e4senell\u00e4 on oikeus erota teht\u00e4v\u00e4st\u00e4\u00e4n kesken toimikauden ilmoittamalla siit\u00e4 kirjallisesti puheenjohtajalle.\u00a0<\/p><p>Hallituksen toimikausi on kalenterivuosi.\u00a0<\/p><p>Hallitus kokoontuu puheenjohtajan tai h\u00e4nen estyneen\u00e4 ollessaan varapuheenjohtajan kutsusta, kun he katsovat siihen olevan aihetta tai kun v\u00e4hint\u00e4\u00e4n puolet hallituksen j\u00e4senist\u00e4 sit\u00e4 vaatii.<\/p><p>Hallitus on p\u00e4\u00e4t\u00f6svaltainen, kun sen j\u00e4senille on ilmoitettu kokouksesta ja paikalla on yli puolet hallituksen j\u00e4senist\u00e4.<\/p><p>Hallituksen kokoukset ovat avoimia j\u00e4senille.\u00a0<\/p><p>P\u00e4\u00e4t\u00f6kset ratkaistaan yksinkertaisella \u00e4\u00e4nten enemmist\u00f6ll\u00e4. \u00c4\u00e4nten menness\u00e4 tasan ratkaisee puheenjohtajan \u00e4\u00e4ni, vaaleissa kuitenkin arpa. Tarvittaessa hallitus valitsee edustajan, jonka ei tarvitse olla hallituksen j\u00e4sen, ylioppilaskunnan tai ainej\u00e4rjest\u00f6jen kokouksiin.<\/p><p>Hallitus voi valita toimihenkil\u00f6it\u00e4 tai toimikuntia tarpeen vaatiessa.<\/p><p>\u00a0<\/p><p>7\u00a7 Nimenkirjoitus\u00a0<\/p><p>Nimenkirjoitusoikeus on hallituksen puheenjohtajalla, varapuheenjohtajalla, sihteerill\u00e4 sek\u00e4 rahastonhoitajalla. Nimen kirjoittaa kaksi yll\u00e4 mainituista toimijoista yhdess\u00e4.<\/p><p>\u00a0<\/p><p>8\u00a7 Tilikausi<\/p><p>Yhdistyksen tilikausi on kalenterivuosi. Tilinp\u00e4\u00e4t\u00f6s tarvittavine asiakirjoineen on annettava toiminnantarkastajalle viimeist\u00e4\u00e4n kolme viikkoa ennen kev\u00e4tkokousta. Toiminnantarkastajan tulee antaa lausuntonsa hallitukselle viikko ennen kokousta.\u00a0<\/p><p>\u00a0<\/p><p>\u00a09\u00a7 Yhdistyksen kokous\u00a0<\/p><p>Yhdistyksen syyskokous pidet\u00e4\u00e4n marras-joulukuussa ja kev\u00e4tkokous maalis-huhtikuussa yhdistyksen hallituksen m\u00e4\u00e4r\u00e4\u00e4m\u00e4n\u00e4 p\u00e4iv\u00e4n\u00e4.\u00a0<\/p><p>Yhdistyksen hallitus voi kutsua koolle yhdistyksen ylim\u00e4\u00e4r\u00e4isen kokouksen. Yhdistyksen ylim\u00e4\u00e4r\u00e4inen kokous on pidett\u00e4v\u00e4, jos 1\/10 \u00e4\u00e4nioikeutetusta j\u00e4senist\u00f6st\u00e4 tai v\u00e4hint\u00e4\u00e4n 20 j\u00e4sent\u00e4 niin vaatii. Yhdistyksen opiskelijaj\u00e4senill\u00e4 on l\u00e4sn\u00e4olo-, puhe- ja \u00e4\u00e4nioikeus yhdistyksen kokouksissa ja l\u00e4sn\u00e4olo- ja puheoikeus hallituksen kokouksissa. Opiskelijaj\u00e4senill\u00e4 on my\u00f6s oikeus osallistua yhdistyksen tapahtumiin, hy\u00f6dynt\u00e4\u00e4 j\u00e4senetuja, sek\u00e4 liitty\u00e4 yhdistyksen hallitukseen.<\/p><p>Alumnij\u00e4senill\u00e4 on oikeus osallistua yhdistyksen toimintaan ja tapahtumiin, kun se on erikseen tapahtuman kuvauksessa mainittu. Alumnij\u00e4senill\u00e4 on l\u00e4sn\u00e4olo- ja puheoikeus, mutta ei \u00e4\u00e4nioikeutta yhdistyksen kokouksissa.\u00a0<\/p><p>Yhdistyksen kokouksessa tulee paikalla olla v\u00e4hint\u00e4\u00e4n viisi (5) j\u00e4sent\u00e4.<\/p><p>Yhdistyksen kokoukseen voi hallituksen tai yhdistyksen kokouksen niin p\u00e4\u00e4tt\u00e4ess\u00e4 osallistua my\u00f6s postitse, tietoliikenneyhteyden tai muun teknisen v\u00e4lineen avulla kokouksen aikana tai ennen kokousta. Yhdistyksen hallitus p\u00e4\u00e4tt\u00e4\u00e4 kokouksissa k\u00e4yt\u00f6ss\u00e4 olevan et\u00e4osallistumisj\u00e4rjestelyn yksityiskohdista.<\/p><p>Yhdistyksen kokouksesta laaditaan p\u00f6yt\u00e4kirja, jonka on oltava yleisesti j\u00e4senist\u00f6n n\u00e4ht\u00e4vill\u00e4 14 vuorokauden kuluttua kokouksesta.\u00a0<\/p><p>\u00a0<\/p><p>10\u00a7 Yhdistyksen kokouksen koollekutsu\u00a0<\/p><p>Hallituksen on kutsuttava yhdistyksen kokoukset koolle v\u00e4hint\u00e4\u00e4n viikkoa (7 vrk) ennen kokousta. Kokouskutsut l\u00e4hetet\u00e4\u00e4n j\u00e4senist\u00f6n s\u00e4hk\u00f6postilistalle sek\u00e4 mahdollisesti muihin tiedotusv\u00e4lineisiin.<\/p><p>\u00a0<\/p><p>11\u00a7 Yhdistyksen syys- ja kev\u00e4tkokous<\/p><p>Yhdistyksen syyskokouksessa k\u00e4sitell\u00e4\u00e4n seuraavat asiat<\/p><ul style=\"font-size: 16px; background-color: #ffffff;\"><li style=\"font-size: 16px;\">Kokouksen avaus<\/li><li style=\"font-size: 16px;\">Valitaan kokoukselle puheenjohtaja, sihteeri, kaksi p\u00f6yt\u00e4kirjantarkastajaa sek\u00e4 tarvittaessa kaksi \u00e4\u00e4ntenlaskijaa<\/li><li style=\"font-size: 16px;\">Todetaan kokouksen laillisuus ja p\u00e4\u00e4t\u00f6svaltaisuus<\/li><li style=\"font-size: 16px;\">Hyv\u00e4ksyt\u00e4\u00e4n kokouksen esityslista\u00a0<\/li><li style=\"font-size: 16px;\">P\u00e4\u00e4tet\u00e4\u00e4n yhdistyksen opiskelijaj\u00e4senten j\u00e4senmaksun suuruudesta seuraavalle kaudelle<\/li><li style=\"font-size: 16px;\">K\u00e4sitell\u00e4\u00e4n ja vahvistetaan toimintasuunnitelma seuraavalle kaudelle<\/li><li style=\"font-size: 16px;\">K\u00e4sitell\u00e4\u00e4n ja vahvistetaan talousarvio seuraavalle kaudelle<\/li><li style=\"font-size: 16px;\">Valitaan hallituksen puheenjohtaja<\/li><li style=\"font-size: 16px;\">Valitaan hallituksen varapuheenjohtaja, sihteeri, rahastonhoitaja sek\u00e4 muut j\u00e4senet<\/li><li style=\"font-size: 16px;\">Valitaan seuraavalle kaudelle toiminnantarkastaja sek\u00e4 varatoiminnantarkastaja<\/li><li style=\"font-size: 16px;\">K\u00e4sitell\u00e4\u00e4n muut kokouskutsussa mainitut asiat<\/li><li style=\"font-size: 16px;\">Kokouksen p\u00e4\u00e4tt\u00e4minen<\/li><\/ul><p>Yhdistyksen kev\u00e4tkokouksessa k\u00e4sitell\u00e4\u00e4n seuraavat asiat:<\/p><ul style=\"font-size: 16px; background-color: #ffffff;\"><li style=\"font-size: 16px;\">Kokouksen avaus<\/li><li style=\"font-size: 16px;\">Valitaan kokouksen puheenjohtaja, sihteeri, kaksi p\u00f6yt\u00e4kirjantarkastajaa ja tarvittaessa kaksi \u00e4\u00e4ntenlaskijaa<\/li><li style=\"font-size: 16px;\">Todetaan kokouksen laillisuus ja p\u00e4\u00e4t\u00f6svaltaisuus<\/li><li style=\"font-size: 16px;\">Hyv\u00e4ksyt\u00e4\u00e4n kokouksen ty\u00f6j\u00e4rjestys<\/li><li style=\"font-size: 16px;\">P\u00e4\u00e4tet\u00e4\u00e4n yhdistyksen alumnij\u00e4senten j\u00e4senmaksun suuruudesta seuraavalle kaudelle<\/li><li style=\"font-size: 16px;\">Esitet\u00e4\u00e4n tilinp\u00e4\u00e4t\u00f6s, toimintakertomus ja toiminnantarkastajien lausunto<\/li><li style=\"font-size: 16px;\">P\u00e4\u00e4tet\u00e4\u00e4n tilinp\u00e4\u00e4t\u00f6ksen vahvistamisesta ja vastuuvapauden my\u00f6nt\u00e4misest\u00e4 hallitukselle ja muille vastuuvelvollisille<\/li><li style=\"font-size: 16px;\">K\u00e4sitell\u00e4\u00e4n muut kokouskutsussa mainitut asiat<\/li><li style=\"font-size: 16px;\">Kokouksen p\u00e4\u00e4tt\u00e4minen<\/li><\/ul><p>\u00a0<\/p><p>12\u00a7 S\u00e4\u00e4nt\u00f6jen muuttaminen ja yhdistyksen purkaminen<\/p><p>Muutokset yhdistyksen s\u00e4\u00e4nt\u00f6ihin hyv\u00e4ksyt\u00e4\u00e4n syyskokouksessa, kev\u00e4tkokouksessa tai t\u00e4t\u00e4 tarkoitusta varten koolle kutsutussa ylim\u00e4\u00e4r\u00e4isess\u00e4 yhdistyksen kokouksessa.<\/p><p>Mik\u00e4li yhdistys purkautuu tai lakkautetaan, j\u00e4ljelle j\u00e4\u00e4neet varat k\u00e4ytet\u00e4\u00e4n yhdistyksen tarkoituksen edist\u00e4miseen purkamisesta p\u00e4\u00e4tt\u00e4v\u00e4n yhdistyksen kokouksen m\u00e4\u00e4r\u00e4\u00e4m\u00e4ll\u00e4 tavalla.\u00a0<\/p>\t\t\t\t\t\t\t\t<\/div>\n\t\t\t\t<\/div>\n\t\t\t\t\t<\/div>\n\t\t\t\t<\/div>\n\t\t\t\t<\/div>","protected":false},"excerpt":{"rendered":"<p>Magna Carta ry:n s\u00e4\u00e4nn\u00f6t 1\u00a7 Yhdistyksen nimi ja kotipaikka\u00a0 Yhdistyksen nimi on Jyv\u00e4skyl\u00e4n yliopiston englannin kielen opiskelijoiden ainej\u00e4rjest\u00f6 Magna Carta ry. Yhdistyksen kotipaikka on Jyv\u00e4skyl\u00e4.\u00a0 \u00a0 2\u00a7 Yhdistyksen tarkoitus\u00a0 Yhdistyksen tarkoitus on edist\u00e4\u00e4 englannin oppiaineen opiskelijoiden opiskeluun liittyvi\u00e4 yleisi\u00e4 ja yhteisi\u00e4 etuja ja toimia opiskelijoiden keskustelufoorumina sek\u00e4 linkkin\u00e4 englannin oppiaineen henkil\u00f6kunnan ja opiskelijoiden v\u00e4lill\u00e4. Yhdistys on perustettu edist\u00e4m\u00e4\u00e4n Jyv\u00e4skyl\u00e4n yliopiston englannin kielen opiskelijoiden hyvinvointia sek\u00e4 koulutuksellista asemaa ja etuja. Yhdistys pyrkii vaalimaan my\u00f6nteist\u00e4 ja avointa ilmapiiri\u00e4 Jyv\u00e4skyl\u00e4n yliopiston kielten laitoksella. Tarkoituksensa toteuttamiseksi yhdistys pit\u00e4\u00e4 yll\u00e4 suhteita Jyv\u00e4skyl\u00e4n yliopiston ylioppilaskuntaan sek\u00e4 muihin yhdistyksiin sek\u00e4 j\u00e4rjest\u00e4\u00e4 tiedotus-, kulttuuri-, keskustelu- ja seminaaritoimintaa sek\u00e4 retki\u00e4 ja juhlia. Toimintansa tukemiseksi yhdistys voi asianmukaisen luvan saatuaan j\u00e4rjest\u00e4\u00e4 rahanker\u00e4yksi\u00e4 ja arpajaisia sek\u00e4 myyj\u00e4isi\u00e4 ja ottaa vastaan lahjoituksia. \u00a0 3\u00a7 J\u00e4seneksi liittyminen ja j\u00e4senyys Yhdistyksen opiskelijaj\u00e4seneksi voidaan hyv\u00e4ksy\u00e4 Jyv\u00e4skyl\u00e4n yliopistossa opiskelevat englannin kielen p\u00e4\u00e4- tai sivuaineoikeuden saaneet opiskelijat. J\u00e4seneksi hyv\u00e4ksymisest\u00e4 p\u00e4\u00e4tt\u00e4\u00e4 hallitus. Yhdistyksen alumnij\u00e4seneksi voi liitty\u00e4 Jyv\u00e4skyl\u00e4n yliopiston englannin kielen kandidaatin tai maisterin tutkinto-ohjelmasta valmistunut henkil\u00f6, jonka hallituksen kokous hyv\u00e4ksyy alumnij\u00e4seneksi. J\u00e4senist\u00e4 pidet\u00e4\u00e4n j\u00e4senrekisteri\u00e4. J\u00e4sen on velvollinen ilmoittamaan yhdistyksen hallitukselle, mik\u00e4li h\u00e4nen yhteystietonsa muuttuvat.\u00a0\u00a0 J\u00e4senyys on toistaiseksi voimassa oleva. J\u00e4sen voidaan katsoa eronneeksi, mik\u00e4li h\u00e4n j\u00e4tt\u00e4\u00e4 j\u00e4senmaksun maksamatta tai jos h\u00e4n itse eroaa tai h\u00e4net erotetaan. J\u00e4senmaksu maksetaan seitsem\u00e4n (7) vuoden v\u00e4lein, ja maksu tulee suorittaa yhden (1) kuukauden kuluessa uuden j\u00e4senmaksukauden alkamisen j\u00e4lkeen. J\u00e4senilt\u00e4 peritt\u00e4v\u00e4n j\u00e4senmaksun suuruudesta p\u00e4\u00e4tt\u00e4\u00e4 syyskokous. Varsinaisten j\u00e4senten j\u00e4senmaksu on kertaluontoinen, ja j\u00e4senyys maksetaan seitsem\u00e4n (7) vuoden v\u00e4lein. Alumnien j\u00e4senmaksu maksetaan vuosittain. Alumneilta peritt\u00e4v\u00e4n j\u00e4senmaksun suuruuden p\u00e4\u00e4tt\u00e4\u00e4 kev\u00e4tkokous.\u00a0 Yhdistyksen opiskelijaj\u00e4senill\u00e4 on l\u00e4sn\u00e4olo-, puhe- ja \u00e4\u00e4nioikeus yhdistyksen kokouksissa ja l\u00e4sn\u00e4olo- ja puheoikeus hallituksen kokouksissa. Opiskelijaj\u00e4senill\u00e4 on my\u00f6s oikeus osallistua yhdistyksen tapahtumiin, hy\u00f6dynt\u00e4\u00e4 j\u00e4senetuja, sek\u00e4 liitty\u00e4 yhdistyksen hallitukseen. Alumnij\u00e4senill\u00e4 on oikeus osallistua yhdistyksen toimintaan ja tapahtumiin, kun se on erikseen tapahtuman kuvauksessa mainittu. Alumnij\u00e4senill\u00e4 on l\u00e4sn\u00e4olo- ja puheoikeus, mutta ei \u00e4\u00e4nioikeutta yhdistyksen kokouksissa. J\u00e4senyys on voimassa, kun j\u00e4senmaksu on suoritettu ja\u00a0 tarvittavat j\u00e4sentietolomakkeet on t\u00e4ytetty. J\u00e4sen voidaan katsoa\u00a0 eronneeksi, mik\u00e4li h\u00e4n ei ole maksanut j\u00e4senmaksuaan 1 kuukauden kuluessa uuden j\u00e4senmaksukauden alkamisen j\u00e4lkeen.\u00a0 \u00a0 4\u00a7 Yhdistyksest\u00e4 eroaminen\u00a0 J\u00e4sen voi erota yhdistyksest\u00e4 ilmoittamalla erostaan kirjallisesti hallitukselle tai sen puheenjohtajalle. Hallitus k\u00e4sittelee asian kokouksessaan. Hallitus voi erottaa j\u00e4senen yhdistyslain 14\u00a7:ss\u00e4 mainituilla perusteilla. \u00a0 5\u00a7 J\u00e4senmaksu\u00a0 Opiskelijaj\u00e4senten j\u00e4senmaksu on 10\u20ac J\u00e4senilt\u00e4 peritt\u00e4v\u00e4n j\u00e4senmaksun suuruuden p\u00e4\u00e4tt\u00e4\u00e4 yhdistyksen syyskokous.\u00a0 Alumneilta peritt\u00e4v\u00e4n j\u00e4senmaksun suuruuden p\u00e4\u00e4tt\u00e4\u00e4 yhdistyksen kev\u00e4tkokous. \u00a0 6\u00a7 Hallitus Yhdistyksen asioita hoitaa hallitus, johon kuuluvat syyskokouksessa valitut puheenjohtaja, varapuheenjohtaja, sihteeri, rahastonhoitaja sek\u00e4 4-11 muuta j\u00e4sent\u00e4.\u00a0 Hallituksen j\u00e4senen tulee olla yhdistyksen opiskelijaj\u00e4sen ja h\u00e4nell\u00e4 tulee olla englannin kielen p\u00e4\u00e4- tai sivuaineoikeus.\u00a0 Hallituksen j\u00e4senell\u00e4 on oikeus erota teht\u00e4v\u00e4st\u00e4\u00e4n kesken toimikauden ilmoittamalla siit\u00e4 kirjallisesti puheenjohtajalle.\u00a0 Hallituksen toimikausi on kalenterivuosi.\u00a0 Hallitus kokoontuu puheenjohtajan tai h\u00e4nen estyneen\u00e4 ollessaan varapuheenjohtajan kutsusta, kun he katsovat siihen olevan aihetta tai kun v\u00e4hint\u00e4\u00e4n puolet hallituksen j\u00e4senist\u00e4 sit\u00e4 vaatii. Hallitus on p\u00e4\u00e4t\u00f6svaltainen, kun sen j\u00e4senille on ilmoitettu kokouksesta ja paikalla on yli puolet hallituksen j\u00e4senist\u00e4. Hallituksen kokoukset ovat avoimia j\u00e4senille.\u00a0 P\u00e4\u00e4t\u00f6kset ratkaistaan yksinkertaisella \u00e4\u00e4nten enemmist\u00f6ll\u00e4. \u00c4\u00e4nten menness\u00e4 tasan ratkaisee puheenjohtajan \u00e4\u00e4ni, vaaleissa kuitenkin arpa. Tarvittaessa hallitus valitsee edustajan, jonka ei tarvitse olla hallituksen j\u00e4sen, ylioppilaskunnan tai ainej\u00e4rjest\u00f6jen kokouksiin. Hallitus voi valita toimihenkil\u00f6it\u00e4 tai toimikuntia tarpeen vaatiessa. \u00a0 7\u00a7 Nimenkirjoitus\u00a0 Nimenkirjoitusoikeus on hallituksen puheenjohtajalla, varapuheenjohtajalla, sihteerill\u00e4 sek\u00e4 rahastonhoitajalla. Nimen kirjoittaa kaksi yll\u00e4 mainituista toimijoista yhdess\u00e4. \u00a0 8\u00a7 Tilikausi Yhdistyksen tilikausi on kalenterivuosi. Tilinp\u00e4\u00e4t\u00f6s tarvittavine asiakirjoineen on annettava toiminnantarkastajalle viimeist\u00e4\u00e4n kolme viikkoa ennen kev\u00e4tkokousta. Toiminnantarkastajan tulee antaa lausuntonsa hallitukselle viikko ennen kokousta.\u00a0 \u00a0 \u00a09\u00a7 Yhdistyksen kokous\u00a0 Yhdistyksen syyskokous pidet\u00e4\u00e4n marras-joulukuussa ja kev\u00e4tkokous maalis-huhtikuussa yhdistyksen hallituksen m\u00e4\u00e4r\u00e4\u00e4m\u00e4n\u00e4 p\u00e4iv\u00e4n\u00e4.\u00a0 Yhdistyksen hallitus voi kutsua koolle yhdistyksen ylim\u00e4\u00e4r\u00e4isen kokouksen. Yhdistyksen ylim\u00e4\u00e4r\u00e4inen kokous on pidett\u00e4v\u00e4, jos 1\/10 \u00e4\u00e4nioikeutetusta j\u00e4senist\u00f6st\u00e4 tai v\u00e4hint\u00e4\u00e4n 20 j\u00e4sent\u00e4 niin vaatii. Yhdistyksen opiskelijaj\u00e4senill\u00e4 on l\u00e4sn\u00e4olo-, puhe- ja \u00e4\u00e4nioikeus yhdistyksen kokouksissa ja l\u00e4sn\u00e4olo- ja puheoikeus hallituksen kokouksissa. Opiskelijaj\u00e4senill\u00e4 on my\u00f6s oikeus osallistua yhdistyksen tapahtumiin, hy\u00f6dynt\u00e4\u00e4 j\u00e4senetuja, sek\u00e4 liitty\u00e4 yhdistyksen hallitukseen. Alumnij\u00e4senill\u00e4 on oikeus osallistua yhdistyksen toimintaan ja tapahtumiin, kun se on erikseen tapahtuman kuvauksessa mainittu. Alumnij\u00e4senill\u00e4 on l\u00e4sn\u00e4olo- ja puheoikeus, mutta ei \u00e4\u00e4nioikeutta yhdistyksen kokouksissa.\u00a0 Yhdistyksen kokouksessa tulee paikalla olla v\u00e4hint\u00e4\u00e4n viisi (5) j\u00e4sent\u00e4. Yhdistyksen kokoukseen voi hallituksen tai yhdistyksen kokouksen niin p\u00e4\u00e4tt\u00e4ess\u00e4 osallistua my\u00f6s postitse, tietoliikenneyhteyden tai muun teknisen v\u00e4lineen avulla kokouksen aikana tai ennen kokousta. Yhdistyksen hallitus p\u00e4\u00e4tt\u00e4\u00e4 kokouksissa k\u00e4yt\u00f6ss\u00e4 olevan et\u00e4osallistumisj\u00e4rjestelyn yksityiskohdista. Yhdistyksen kokouksesta laaditaan p\u00f6yt\u00e4kirja, jonka on oltava yleisesti j\u00e4senist\u00f6n n\u00e4ht\u00e4vill\u00e4 14 vuorokauden kuluttua kokouksesta.\u00a0 \u00a0 10\u00a7 Yhdistyksen kokouksen koollekutsu\u00a0 Hallituksen on kutsuttava yhdistyksen kokoukset koolle v\u00e4hint\u00e4\u00e4n viikkoa (7 vrk) ennen kokousta. Kokouskutsut l\u00e4hetet\u00e4\u00e4n j\u00e4senist\u00f6n s\u00e4hk\u00f6postilistalle sek\u00e4 mahdollisesti muihin tiedotusv\u00e4lineisiin. \u00a0 11\u00a7 Yhdistyksen syys- ja kev\u00e4tkokous Yhdistyksen syyskokouksessa k\u00e4sitell\u00e4\u00e4n seuraavat asiat Kokouksen avaus Valitaan kokoukselle puheenjohtaja, sihteeri, kaksi p\u00f6yt\u00e4kirjantarkastajaa sek\u00e4 tarvittaessa kaksi \u00e4\u00e4ntenlaskijaa Todetaan kokouksen laillisuus ja p\u00e4\u00e4t\u00f6svaltaisuus Hyv\u00e4ksyt\u00e4\u00e4n kokouksen esityslista\u00a0 P\u00e4\u00e4tet\u00e4\u00e4n yhdistyksen opiskelijaj\u00e4senten j\u00e4senmaksun suuruudesta seuraavalle kaudelle K\u00e4sitell\u00e4\u00e4n ja vahvistetaan toimintasuunnitelma seuraavalle kaudelle K\u00e4sitell\u00e4\u00e4n ja vahvistetaan talousarvio seuraavalle kaudelle Valitaan hallituksen puheenjohtaja Valitaan hallituksen varapuheenjohtaja, sihteeri, rahastonhoitaja sek\u00e4 muut j\u00e4senet Valitaan seuraavalle kaudelle toiminnantarkastaja sek\u00e4 varatoiminnantarkastaja K\u00e4sitell\u00e4\u00e4n muut kokouskutsussa mainitut asiat Kokouksen p\u00e4\u00e4tt\u00e4minen Yhdistyksen kev\u00e4tkokouksessa k\u00e4sitell\u00e4\u00e4n seuraavat asiat: Kokouksen avaus Valitaan kokouksen puheenjohtaja, sihteeri, kaksi p\u00f6yt\u00e4kirjantarkastajaa ja tarvittaessa kaksi \u00e4\u00e4ntenlaskijaa Todetaan kokouksen laillisuus ja p\u00e4\u00e4t\u00f6svaltaisuus Hyv\u00e4ksyt\u00e4\u00e4n kokouksen ty\u00f6j\u00e4rjestys P\u00e4\u00e4tet\u00e4\u00e4n yhdistyksen alumnij\u00e4senten j\u00e4senmaksun suuruudesta seuraavalle kaudelle Esitet\u00e4\u00e4n tilinp\u00e4\u00e4t\u00f6s, toimintakertomus ja toiminnantarkastajien lausunto P\u00e4\u00e4tet\u00e4\u00e4n tilinp\u00e4\u00e4t\u00f6ksen vahvistamisesta ja vastuuvapauden my\u00f6nt\u00e4misest\u00e4 hallitukselle ja muille vastuuvelvollisille K\u00e4sitell\u00e4\u00e4n muut kokouskutsussa mainitut asiat Kokouksen p\u00e4\u00e4tt\u00e4minen \u00a0 12\u00a7 S\u00e4\u00e4nt\u00f6jen muuttaminen ja yhdistyksen purkaminen Muutokset yhdistyksen s\u00e4\u00e4nt\u00f6ihin hyv\u00e4ksyt\u00e4\u00e4n syyskokouksessa, kev\u00e4tkokouksessa tai t\u00e4t\u00e4 tarkoitusta varten koolle kutsutussa ylim\u00e4\u00e4r\u00e4isess\u00e4 yhdistyksen kokouksessa. Mik\u00e4li yhdistys purkautuu tai lakkautetaan, j\u00e4ljelle j\u00e4\u00e4neet varat k\u00e4ytet\u00e4\u00e4n yhdistyksen tarkoituksen edist\u00e4miseen purkamisesta p\u00e4\u00e4tt\u00e4v\u00e4n yhdistyksen kokouksen m\u00e4\u00e4r\u00e4\u00e4m\u00e4ll\u00e4 tavalla.\u00a0<\/p>","protected":false},"author":1,"featured_media":0,"parent":0,"menu_order":0,"comment_status":"closed","ping_status":"closed","template":"","meta":{"footnotes":""},"class_list":["post-1073","page","type-page","status-publish","hentry"],"_links":{"self":[{"href":"https:\/\/www.magnacartary.com\/en\/wp-json\/wp\/v2\/pages\/1073","targetHints":{"allow":["GET"]}}],"collection":[{"href":"https:\/\/www.magnacartary.com\/en\/wp-json\/wp\/v2\/pages"}],"about":[{"href":"https:\/\/www.magnacartary.com\/en\/wp-json\/wp\/v2\/types\/page"}],"author":[{"embeddable":true,"href":"https:\/\/www.magnacartary.com\/en\/wp-json\/wp\/v2\/users\/1"}],"replies":[{"embeddable":true,"href":"https:\/\/www.magnacartary.com\/en\/wp-json\/wp\/v2\/comments?post=1073"}],"version-history":[{"count":17,"href":"https:\/\/www.magnacartary.com\/en\/wp-json\/wp\/v2\/pages\/1073\/revisions"}],"predecessor-version":[{"id":1096,"href":"https:\/\/www.magnacartary.com\/en\/wp-json\/wp\/v2\/pages\/1073\/revisions\/1096"}],"wp:attachment":[{"href":"https:\/\/www.magnacartary.com\/en\/wp-json\/wp\/v2\/media?parent=1073"}],"curies":[{"name":"wp","href":"https:\/\/api.w.org\/{rel}","templated":true}]}}