{"id":1302,"date":"2025-05-08T15:16:17","date_gmt":"2025-05-08T12:16:17","guid":{"rendered":"https:\/\/www.magnacartary.com\/?page_id=1302"},"modified":"2025-05-16T11:59:48","modified_gmt":"2025-05-16T08:59:48","slug":"magnan-kanta","status":"publish","type":"page","link":"http:\/\/www.magnacartary.com\/en\/magnan-kanta\/","title":{"rendered":"Magnan Kanta"},"content":{"rendered":"<div data-elementor-type=\"wp-page\" data-elementor-id=\"1302\" class=\"elementor elementor-1302\" data-elementor-post-type=\"page\">\n\t\t\t\t<div class=\"elementor-element elementor-element-1784187 e-flex e-con-boxed wpr-particle-no wpr-jarallax-no wpr-parallax-no wpr-sticky-section-no e-con e-parent\" data-id=\"1784187\" data-element_type=\"container\">\n\t\t\t\t\t<div class=\"e-con-inner\">\n\t\t\t\t<div class=\"elementor-element elementor-element-45685a3 elementor-widget elementor-widget-spacer\" data-id=\"45685a3\" data-element_type=\"widget\" data-widget_type=\"spacer.default\">\n\t\t\t\t<div class=\"elementor-widget-container\">\n\t\t\t\t\t\t\t<div class=\"elementor-spacer\">\n\t\t\t<div class=\"elementor-spacer-inner\"><\/div>\n\t\t<\/div>\n\t\t\t\t\t\t<\/div>\n\t\t\t\t<\/div>\n\t\t\t\t<div class=\"elementor-element elementor-element-76aa4ca elementor-widget elementor-widget-heading\" data-id=\"76aa4ca\" data-element_type=\"widget\" data-widget_type=\"heading.default\">\n\t\t\t\t<div class=\"elementor-widget-container\">\n\t\t\t\t\t<h2 class=\"elementor-heading-title elementor-size-default\">Magnan Kanta<\/h2>\t\t\t\t<\/div>\n\t\t\t\t<\/div>\n\t\t\t\t<div class=\"elementor-element elementor-element-4dd5ccc elementor-widget elementor-widget-spacer\" data-id=\"4dd5ccc\" data-element_type=\"widget\" data-widget_type=\"spacer.default\">\n\t\t\t\t<div class=\"elementor-widget-container\">\n\t\t\t\t\t\t\t<div class=\"elementor-spacer\">\n\t\t\t<div class=\"elementor-spacer-inner\"><\/div>\n\t\t<\/div>\n\t\t\t\t\t\t<\/div>\n\t\t\t\t<\/div>\n\t\t\t\t<div class=\"elementor-element elementor-element-40050b7 elementor-widget elementor-widget-text-editor\" data-id=\"40050b7\" data-element_type=\"widget\" data-widget_type=\"text-editor.default\">\n\t\t\t\t<div class=\"elementor-widget-container\">\n\t\t\t\t\t\t\t\t\t<p><span data-olk-copy-source=\"MessageBody\">Magnan Kanta is Magna Carta ry\u2019s very own association magazine established in 2025 where Magna Cartians write about studying, life, and just about anything and everything else. The magazine is published biannually: once in the spring and once in the fall. The magazine has its own editorial team, with Magna\u2019s communications coordinator acting as the editor in chief. In addition to the editorial team, freelancers can also contribute to the magazine. If you are interested in joining the team or being a freelancer you can sign up via Forms <a href=\"https:\/\/forms.office.com\/e\/AVjgfeuY8y\">here<\/a>!<\/span><\/p>\t\t\t\t\t\t\t\t<\/div>\n\t\t\t\t<\/div>\n\t\t\t\t\t<\/div>\n\t\t\t\t<\/div>\n\t\t<div class=\"elementor-element elementor-element-8535270 e-flex e-con-boxed wpr-particle-no wpr-jarallax-no wpr-parallax-no wpr-sticky-section-no e-con e-parent\" data-id=\"8535270\" data-element_type=\"container\">\n\t\t\t\t\t<div class=\"e-con-inner\">\n\t\t\t\t<div class=\"elementor-element elementor-element-fcb66f8 elementor-widget elementor-widget-text-editor\" data-id=\"fcb66f8\" data-element_type=\"widget\" data-widget_type=\"text-editor.default\">\n\t\t\t\t<div class=\"elementor-widget-container\">\n\t\t\t\t\t\t\t\t\t<p>The Magnan Kanta editorial team:<\/p><p>Venla Kallioniemi, editor in chief (venla.a.a.kallioniemi@student.jyu.fi)<\/p><p>Pinja Peltola<\/p><p>Elina Paananen<\/p><p>Erica Vilander<\/p><p>Anssi H\u00e4kkinen<\/p><p>Sofia J. Rubio<\/p><p>Victor Nerubailo<\/p><p>Fanni Alakarhu<\/p>\t\t\t\t\t\t\t\t<\/div>\n\t\t\t\t<\/div>\n\t\t\t\t<div class=\"elementor-element elementor-element-f22553f elementor-widget__width-initial elementor-widget elementor-widget-spacer\" data-id=\"f22553f\" data-element_type=\"widget\" data-widget_type=\"spacer.default\">\n\t\t\t\t<div class=\"elementor-widget-container\">\n\t\t\t\t\t\t\t<div class=\"elementor-spacer\">\n\t\t\t<div class=\"elementor-spacer-inner\"><\/div>\n\t\t<\/div>\n\t\t\t\t\t\t<\/div>\n\t\t\t\t<\/div>\n\t\t\t\t<div class=\"elementor-element elementor-element-8f3dd2a elementor-widget elementor-widget-image\" data-id=\"8f3dd2a\" data-element_type=\"widget\" data-widget_type=\"image.default\">\n\t\t\t\t<div class=\"elementor-widget-container\">\n\t\t\t\t\t\t\t\t\t\t\t\t\t\t\t\t<a href=\"https:\/\/online.fliphtml5.com\/fqxba\/fbzx\/#p=1\">\n\t\t\t\t\t\t\t<img decoding=\"async\" src=\"http:\/\/www.magnacartary.com\/wp-content\/uploads\/elementor\/thumbs\/a9b8ff1e-4496-4c90-bf09-1dd22241943a-r5vut04sl2u21rpww9pzwjn4bcks9xbhmn3zlq0wuo.jpg\" title=\"magnan kanta 01\/25\" alt=\"magnan kanta 01\/25\" loading=\"lazy\" \/>\t\t\t\t\t\t\t\t<\/a>\n\t\t\t\t\t\t\t\t\t\t\t\t\t\t\t<\/div>\n\t\t\t\t<\/div>\n\t\t\t\t\t<\/div>\n\t\t\t\t<\/div>\n\t\t\t\t<\/div>","protected":false},"excerpt":{"rendered":"<p>Magnan Kanta Magnan Kanta on vuonna 2025 perustettu Magna Carta ry:n oma ainej\u00e4rjest\u00f6lehti, jonne magnalaiset kirjoittavat opiskelusta, el\u00e4m\u00e4st\u00e4 ja oikeastaan mist\u00e4 tahansa muusta maan ja taivaan v\u00e4lill\u00e4. Lehti julkaistaan kerran lukukaudessa: kerran kev\u00e4\u00e4ll\u00e4 ja kerran syksyll\u00e4. Lehdell\u00e4 on oma toimitus ja sen p\u00e4\u00e4toimittajana toimii Magnan viestint\u00e4vastaava. Toimituksen lis\u00e4ksi lehteen voi kirjoittaa freelancerin\u00e4. Jos olet kiinnostunut toimitukseen liittymisest\u00e4 tai freelancerin\u00e4 olemisesta, voit ilmoittautua mukaan t\u00e4ytt\u00e4m\u00e4ll\u00e4 t\u00e4m\u00e4n Forms-lomakkeen! Magnan Kannan toimitus: Venla Kallioniemi, p\u00e4\u00e4toimittaja (venla.a.a.kallioniemi@student.jyu.fi) Pinja Peltola Elina Paananen Erica Vilander Anssi H\u00e4kkinen Sofia J. Rubio Victor Nerubailo Fanni Alakarhu<\/p>","protected":false},"author":1,"featured_media":0,"parent":0,"menu_order":0,"comment_status":"closed","ping_status":"closed","template":"","meta":{"footnotes":""},"class_list":["post-1302","page","type-page","status-publish","hentry"],"_links":{"self":[{"href":"http:\/\/www.magnacartary.com\/en\/wp-json\/wp\/v2\/pages\/1302","targetHints":{"allow":["GET"]}}],"collection":[{"href":"http:\/\/www.magnacartary.com\/en\/wp-json\/wp\/v2\/pages"}],"about":[{"href":"http:\/\/www.magnacartary.com\/en\/wp-json\/wp\/v2\/types\/page"}],"author":[{"embeddable":true,"href":"http:\/\/www.magnacartary.com\/en\/wp-json\/wp\/v2\/users\/1"}],"replies":[{"embeddable":true,"href":"http:\/\/www.magnacartary.com\/en\/wp-json\/wp\/v2\/comments?post=1302"}],"version-history":[{"count":11,"href":"http:\/\/www.magnacartary.com\/en\/wp-json\/wp\/v2\/pages\/1302\/revisions"}],"predecessor-version":[{"id":1344,"href":"http:\/\/www.magnacartary.com\/en\/wp-json\/wp\/v2\/pages\/1302\/revisions\/1344"}],"wp:attachment":[{"href":"http:\/\/www.magnacartary.com\/en\/wp-json\/wp\/v2\/media?parent=1302"}],"curies":[{"name":"wp","href":"https:\/\/api.w.org\/{rel}","templated":true}]}}