{"id":1195,"date":"2025-01-14T13:35:00","date_gmt":"2025-01-14T11:35:00","guid":{"rendered":"https:\/\/www.magnacartary.com\/?page_id=1195"},"modified":"2025-05-16T10:44:41","modified_gmt":"2025-05-16T07:44:41","slug":"palautekysely","status":"publish","type":"page","link":"http:\/\/www.magnacartary.com\/en\/palautekysely\/","title":{"rendered":"Event Feedback"},"content":{"rendered":"<div data-elementor-type=\"wp-page\" data-elementor-id=\"1195\" class=\"elementor elementor-1195\" data-elementor-post-type=\"page\">\n\t\t\t\t<div class=\"elementor-element elementor-element-cbcdf35 e-flex e-con-boxed wpr-particle-no wpr-jarallax-no wpr-parallax-no wpr-sticky-section-no e-con e-parent\" data-id=\"cbcdf35\" data-element_type=\"container\">\n\t\t\t\t\t<div class=\"e-con-inner\">\n\t\t\t\t<div class=\"elementor-element elementor-element-5ffe780 elementor-widget elementor-widget-spacer\" data-id=\"5ffe780\" data-element_type=\"widget\" data-widget_type=\"spacer.default\">\n\t\t\t\t<div class=\"elementor-widget-container\">\n\t\t\t\t\t\t\t<div class=\"elementor-spacer\">\n\t\t\t<div class=\"elementor-spacer-inner\"><\/div>\n\t\t<\/div>\n\t\t\t\t\t\t<\/div>\n\t\t\t\t<\/div>\n\t\t\t\t<div class=\"elementor-element elementor-element-2297c45 elementor-widget elementor-widget-heading\" data-id=\"2297c45\" data-element_type=\"widget\" data-widget_type=\"heading.default\">\n\t\t\t\t<div class=\"elementor-widget-container\">\n\t\t\t\t\t<h2 class=\"elementor-heading-title elementor-size-default\">Event Feedback<\/h2>\t\t\t\t<\/div>\n\t\t\t\t<\/div>\n\t\t\t\t<div class=\"elementor-element elementor-element-9bce355 elementor-widget elementor-widget-spacer\" data-id=\"9bce355\" data-element_type=\"widget\" data-widget_type=\"spacer.default\">\n\t\t\t\t<div class=\"elementor-widget-container\">\n\t\t\t\t\t\t\t<div class=\"elementor-spacer\">\n\t\t\t<div class=\"elementor-spacer-inner\"><\/div>\n\t\t<\/div>\n\t\t\t\t\t\t<\/div>\n\t\t\t\t<\/div>\n\t\t\t\t\t<\/div>\n\t\t\t\t<\/div>\n\t\t<div class=\"elementor-element elementor-element-b3ff1ee e-flex e-con-boxed wpr-particle-no wpr-jarallax-no wpr-parallax-no wpr-sticky-section-no e-con e-parent\" data-id=\"b3ff1ee\" data-element_type=\"container\">\n\t\t\t\t\t<div class=\"e-con-inner\">\n\t\t\t\t<div class=\"elementor-element elementor-element-aac8675 elementor-widget elementor-widget-text-editor\" data-id=\"aac8675\" data-element_type=\"widget\" data-widget_type=\"text-editor.default\">\n\t\t\t\t<div class=\"elementor-widget-container\">\n\t\t\t\t\t\t\t\t\t<p>On the feedback form below, you can provide feedback regarding the events of Magna Carta ry. Responses are anonymous and will be handled confidentially within the board only. The form also gives you the option to leave your contact details if you wish for us to get in touch with you regarding your feedback.<\/p><p><strong>Link to the form: <\/strong><a href=\"https:\/\/forms.office.com\/e\/CgiRSVCz29\">https:\/\/forms.office.com\/e\/CgiRSVCz29<\/a><\/p>\t\t\t\t\t\t\t\t<\/div>\n\t\t\t\t<\/div>\n\t\t\t\t\t<\/div>\n\t\t\t\t<\/div>\n\t\t\t\t<\/div>","protected":false},"excerpt":{"rendered":"<p>Tapahtumien palautekysely Alla olevalla palautelomakkeella voit antaa palautetta koskien Magna Carta ry:n tapahtumia. Vastaukset ovat anonyymeja ja niit\u00e4 k\u00e4sitell\u00e4\u00e4n luottamuksellisesti vain hallituksen kesken. Lomakkeessa on my\u00f6s mahdollisuus j\u00e4tt\u00e4\u00e4 omat yhteystiedot, jos toivot, ett\u00e4 olemme yhteydess\u00e4 sinuun palautteeseen liittyen. Linkki palautekyselyyn: https:\/\/forms.office.com\/e\/CgiRSVCz29<\/p>","protected":false},"author":1,"featured_media":0,"parent":0,"menu_order":0,"comment_status":"closed","ping_status":"closed","template":"","meta":{"footnotes":""},"class_list":["post-1195","page","type-page","status-publish","hentry"],"_links":{"self":[{"href":"http:\/\/www.magnacartary.com\/en\/wp-json\/wp\/v2\/pages\/1195","targetHints":{"allow":["GET"]}}],"collection":[{"href":"http:\/\/www.magnacartary.com\/en\/wp-json\/wp\/v2\/pages"}],"about":[{"href":"http:\/\/www.magnacartary.com\/en\/wp-json\/wp\/v2\/types\/page"}],"author":[{"embeddable":true,"href":"http:\/\/www.magnacartary.com\/en\/wp-json\/wp\/v2\/users\/1"}],"replies":[{"embeddable":true,"href":"http:\/\/www.magnacartary.com\/en\/wp-json\/wp\/v2\/comments?post=1195"}],"version-history":[{"count":8,"href":"http:\/\/www.magnacartary.com\/en\/wp-json\/wp\/v2\/pages\/1195\/revisions"}],"predecessor-version":[{"id":1204,"href":"http:\/\/www.magnacartary.com\/en\/wp-json\/wp\/v2\/pages\/1195\/revisions\/1204"}],"wp:attachment":[{"href":"http:\/\/www.magnacartary.com\/en\/wp-json\/wp\/v2\/media?parent=1195"}],"curies":[{"name":"wp","href":"https:\/\/api.w.org\/{rel}","templated":true}]}}