{"id":1119,"date":"2025-01-11T12:44:51","date_gmt":"2025-01-11T10:44:51","guid":{"rendered":"http:\/\/www.magnacartary.com\/?page_id=1119"},"modified":"2026-03-16T17:35:49","modified_gmt":"2026-03-16T15:35:49","slug":"tietosuojaseloste","status":"publish","type":"page","link":"http:\/\/www.magnacartary.com\/en\/tietosuojaseloste\/","title":{"rendered":"Privacy policy (in Finnish)"},"content":{"rendered":"<div data-elementor-type=\"wp-page\" data-elementor-id=\"1119\" class=\"elementor elementor-1119\" data-elementor-post-type=\"page\">\n\t\t\t\t<div class=\"elementor-element elementor-element-60b7aa1 e-flex e-con-boxed wpr-particle-no wpr-jarallax-no wpr-parallax-no wpr-sticky-section-no e-con e-parent\" data-id=\"60b7aa1\" data-element_type=\"container\">\n\t\t\t\t\t<div class=\"e-con-inner\">\n\t\t\t\t<div class=\"elementor-element elementor-element-91c5c2a elementor-widget elementor-widget-spacer\" data-id=\"91c5c2a\" data-element_type=\"widget\" data-widget_type=\"spacer.default\">\n\t\t\t\t<div class=\"elementor-widget-container\">\n\t\t\t\t\t\t\t<div class=\"elementor-spacer\">\n\t\t\t<div class=\"elementor-spacer-inner\"><\/div>\n\t\t<\/div>\n\t\t\t\t\t\t<\/div>\n\t\t\t\t<\/div>\n\t\t\t\t<div class=\"elementor-element elementor-element-0b37127 elementor-widget elementor-widget-heading\" data-id=\"0b37127\" data-element_type=\"widget\" data-widget_type=\"heading.default\">\n\t\t\t\t<div class=\"elementor-widget-container\">\n\t\t\t\t\t<h2 class=\"elementor-heading-title elementor-size-default\">Privacy policy (in Finnish)<\/h2>\t\t\t\t<\/div>\n\t\t\t\t<\/div>\n\t\t\t\t<div class=\"elementor-element elementor-element-e7ca4b7 elementor-widget elementor-widget-spacer\" data-id=\"e7ca4b7\" data-element_type=\"widget\" data-widget_type=\"spacer.default\">\n\t\t\t\t<div class=\"elementor-widget-container\">\n\t\t\t\t\t\t\t<div class=\"elementor-spacer\">\n\t\t\t<div class=\"elementor-spacer-inner\"><\/div>\n\t\t<\/div>\n\t\t\t\t\t\t<\/div>\n\t\t\t\t<\/div>\n\t\t\t\t\t<\/div>\n\t\t\t\t<\/div>\n\t\t<div class=\"elementor-element elementor-element-b96fcec e-flex e-con-boxed wpr-particle-no wpr-jarallax-no wpr-parallax-no wpr-sticky-section-no e-con e-parent\" data-id=\"b96fcec\" data-element_type=\"container\">\n\t\t\t\t\t<div class=\"e-con-inner\">\n\t\t\t\t<div class=\"elementor-element elementor-element-f5395f2 elementor-widget elementor-widget-text-editor\" data-id=\"f5395f2\" data-element_type=\"widget\" data-widget_type=\"text-editor.default\">\n\t\t\t\t<div class=\"elementor-widget-container\">\n\t\t\t\t\t\t\t\t\t<h5 style=\"font-family: var( --e-global-typography-secondary-font-family ), Sans-serif; font-weight: var( --e-global-typography-secondary-font-weight ); font-size: var( --e-global-typography-secondary-font-size ); letter-spacing: var( --e-global-typography-secondary-letter-spacing );\"><span style=\"color: #000000;\">J\u00e4senrekisteriseloste<\/span><\/h5><p><span style=\"font-weight: bolder;\">Rekisteri- ja tietosuojaseloste<\/span><\/p><p>T\u00e4m\u00e4 on Magna Carta ry henkil\u00f6tietolain (10 ja 24 \u00a7) ja EU:n yleisen tietosuoja-asetuksen (GDPR) mukainen rekisteri- ja tietosuojaseloste. Laadittu 25.5.2018. Viimeisin muutos 25.1.2024.<\/p><ol style=\"font-size: 16px; background-color: #ffffff;\"><li style=\"font-size: 16px;\"><span style=\"font-weight: bolder;\">Rekisterinpit\u00e4j\u00e4<\/span><\/li><\/ol><p>Magna Carta ry<\/p><p>Veturitallinkatu 3 A 523, 40100<\/p><p>ilari.e.seppanen@student.jyu.fi<\/p><ol style=\"font-size: 16px; background-color: #ffffff;\" start=\"2\"><li style=\"font-size: 16px;\"><span style=\"font-weight: bolder;\">Rekisterist\u00e4 vastaava yhteyshenkil\u00f6<\/span><\/li><\/ol><p>Kataja Pyykk\u00f6<\/p><p>kataja.k.pyykko@student.jyu.fi<\/p><ol style=\"font-size: 16px; background-color: #ffffff;\" start=\"3\"><li style=\"font-size: 16px;\"><span style=\"font-weight: bolder;\">Rekisterin nimi<\/span><\/li><\/ol><p>Yhdistyksen j\u00e4senrekisteri.<\/p><ol style=\"font-size: 16px; background-color: #ffffff;\" start=\"4\"><li style=\"font-size: 16px;\"><span style=\"font-weight: bolder;\">Oikeusperuste ja henkil\u00f6tietojen k\u00e4sittelyn tarkoitus<\/span><\/li><\/ol><p>EU:n yleisen tietosuoja-asetuksen mukainen oikeusperuste henkil\u00f6tietojen k\u00e4sittelylle on rekisterinpit\u00e4j\u00e4n oikeutettu etu. Henkil\u00f6tietojen k\u00e4sittelyn tarkoitus on j\u00e4senrekisterin yll\u00e4pito, sek\u00e4 j\u00e4senetujen tarjoaminen. Tietoja ei k\u00e4ytet\u00e4 automatisoituun p\u00e4\u00e4t\u00f6ksentekoon tai profilointiin.<\/p><ol style=\"font-size: 16px; background-color: #ffffff;\" start=\"5\"><li style=\"font-size: 16px;\"><span style=\"font-weight: bolder;\">Rekisterin tietosis\u00e4lt\u00f6<\/span><\/li><\/ol><p>Rekisteriin tallennettavia tietoja ovat: henkil\u00f6n nimi, liittymisp\u00e4iv\u00e4m\u00e4\u00e4r\u00e4, opintojen aloittamisvuosi, asuinkunta sek\u00e4 onko henkil\u00f6 Jyv\u00e4skyl\u00e4n yliopistossa englannin kielen p\u00e4\u00e4- vai sivuaineopiskelija.<\/p><ol style=\"font-size: 16px; background-color: #ffffff;\" start=\"6\"><li style=\"font-size: 16px;\"><span style=\"font-weight: bolder;\">S\u00e4\u00e4nn\u00f6nmukaiset tietol\u00e4hteet<\/span><\/li><\/ol><p>Rekisteriin tallennettavat tiedot saadaan j\u00e4senelt\u00e4 t\u00e4m\u00e4n maksettua j\u00e4senmaksu j\u00e4rjest\u00f6n tilille.<\/p><ol style=\"font-size: 16px; background-color: #ffffff;\" start=\"7\"><li style=\"font-size: 16px;\"><span style=\"font-weight: bolder;\">Tietojen s\u00e4\u00e4nn\u00f6nmukaiset luovutukset ja tietojen siirto EU:n tai ETA:n ulkopuolelle<\/span><\/li><\/ol><p>Tietoja ei luovuteta ulkopuolisille tahoille.<\/p><ol style=\"font-size: 16px; background-color: #ffffff;\" start=\"8\"><li style=\"font-size: 16px;\"><span style=\"font-weight: bolder;\">Rekisterin suojauksen periaatteet<\/span><\/li><\/ol><p>Rekisterin k\u00e4sittelyss\u00e4 noudatetaan huolellisuutta ja tietoj\u00e4rjestelmien avulla k\u00e4sitelt\u00e4v\u00e4t tiedot suojataan asianmukaisesti. Kun rekisteritietoja s\u00e4ilytet\u00e4\u00e4n Internet-palvelimilla, niiden laitteiston fyysisest\u00e4 ja digitaalisesta tietoturvasta huolehditaan asiaankuuluvasti. Rekisterinpit\u00e4j\u00e4 huolehtii siit\u00e4, ett\u00e4 tallennettuja tietoja sek\u00e4 palvelimien k\u00e4ytt\u00f6oikeuksia ja muita henkil\u00f6tietojen turvallisuuden kannalta kriittisi\u00e4 tietoja k\u00e4sitell\u00e4\u00e4n luottamuksellisesti ja vain rekisterinpit\u00e4j\u00e4n toimesta.<\/p><ol style=\"font-size: 16px; background-color: #ffffff;\" start=\"9\"><li style=\"font-size: 16px;\"><span style=\"font-weight: bolder;\">Tarkastusoikeus ja oikeus vaatia tiedon korjaamista<\/span><\/li><\/ol><p>Jokaisella rekisteriss\u00e4 olevalla henkil\u00f6ll\u00e4 on oikeus tarkistaa rekisteriin tallennetut tietonsa ja vaatia mahdollisen virheellisen tiedon korjaamista tai puutteellisen tiedon t\u00e4ydent\u00e4mist\u00e4. Mik\u00e4li henkil\u00f6 haluaa tarkistaa h\u00e4nest\u00e4 tallennetut tiedot tai vaatia niihin oikaisua, pyynt\u00f6 tulee l\u00e4hett\u00e4\u00e4 s\u00e4hk\u00f6isesti rekisterinpit\u00e4j\u00e4lle. Rekisterinpit\u00e4j\u00e4 voi pyyt\u00e4\u00e4 tarvittaessa pyynn\u00f6n esitt\u00e4j\u00e4\u00e4 todistamaan henkil\u00f6llisyytens\u00e4. Rekisterinpit\u00e4j\u00e4 vastaa asiakkaalle EU:n tietosuoja-asetuksessa s\u00e4\u00e4detyss\u00e4 ajassa (p\u00e4\u00e4s\u00e4\u00e4nt\u00f6isesti kuukauden kuluessa).<\/p><ol style=\"font-size: 16px; background-color: #ffffff;\" start=\"10\"><li style=\"font-size: 16px;\"><span style=\"font-weight: bolder;\">Muut henkil\u00f6tietojen k\u00e4sittelyyn liittyv\u00e4t oikeudet<\/span><\/li><\/ol><p>Rekisteriss\u00e4 olevalla henkil\u00f6ll\u00e4 on oikeus pyyt\u00e4\u00e4 h\u00e4nt\u00e4 koskevien henkil\u00f6tietojen poistamiseen rekisterist\u00e4 (\u201doikeus tulla unohdetuksi\u201d). Niin ik\u00e4\u00e4n rekister\u00f6idyill\u00e4 on muut EU:n yleisen tietosuoja-asetuksen mukaiset oikeudet kuten henkil\u00f6tietojen k\u00e4sittelyn rajoittaminen tietyiss\u00e4 tilanteissa. Pyynn\u00f6t tulee l\u00e4hett\u00e4\u00e4 s\u00e4hk\u00f6isesti rekisterinpit\u00e4j\u00e4lle. Rekisterinpit\u00e4j\u00e4 voi pyyt\u00e4\u00e4 tarvittaessa pyynn\u00f6n esitt\u00e4j\u00e4\u00e4 todistamaan henkil\u00f6llisyytens\u00e4. Rekisterinpit\u00e4j\u00e4 vastaa asiakkaalle EU:n tietosuoja-asetuksessa s\u00e4\u00e4detyss\u00e4 ajassa (p\u00e4\u00e4s\u00e4\u00e4nt\u00f6isesti kuukauden kuluessa).<\/p><hr style=\"background-color: #ffffff;\" \/><h5 style=\"font-family: var( --e-global-typography-secondary-font-family ), Sans-serif; font-weight: var( --e-global-typography-secondary-font-weight ); font-size: var( --e-global-typography-secondary-font-size ); letter-spacing: var( --e-global-typography-secondary-letter-spacing );\"><span style=\"color: #000000;\">Tapahtumailmoittautumisrekisteriseloste<\/span><\/h5><p><span style=\"font-weight: bolder;\">Rekisteri- ja tietosuojaseloste<\/span><\/p><p>T\u00e4m\u00e4 on Magna Carta ry henkil\u00f6tietolain (10 ja 24 \u00a7) ja EU:n yleisen tietosuoja-asetuksen (GDPR) mukainen rekisteri- ja tietosuojaseloste. Laadittu 25.5.2018. Viimeisin muutos 25.1.2024.<\/p><ol style=\"font-size: 16px; background-color: #ffffff;\"><li style=\"font-size: 16px;\"><span style=\"font-weight: bolder;\">Rekisterinpit\u00e4j\u00e4<\/span><\/li><\/ol><p>Magna Carta ry<\/p><p>Veturitallinkatu 3 A 523, 40100<\/p><p>ilari.e.seppanen@student.jyu.fi<\/p><ol style=\"font-size: 16px; background-color: #ffffff;\" start=\"2\"><li style=\"font-size: 16px;\"><span style=\"font-weight: bolder;\">Rekisterist\u00e4 vastaava yhteyshenkil\u00f6<\/span><\/li><\/ol><p>Kataja Pyykk\u00f6<\/p><p>kataja.k.pyykko@student.jyu.fi<\/p><ol style=\"font-size: 16px; background-color: #ffffff;\" start=\"3\"><li style=\"font-size: 16px;\"><span style=\"font-weight: bolder;\">Rekisterin nimi<\/span><\/li><\/ol><p>Yhdistyksen tapahtumailmoittautumisrekisteri.<\/p><ol style=\"font-size: 16px; background-color: #ffffff;\" start=\"4\"><li style=\"font-size: 16px;\"><span style=\"font-weight: bolder;\">Oikeusperuste ja henkil\u00f6tietojen k\u00e4sittelyn tarkoitus<\/span><\/li><\/ol><p>EU:n yleisen tietosuoja-asetuksen mukainen oikeusperuste henkil\u00f6tietojen k\u00e4sittelylle on rekisterinpit\u00e4j\u00e4n oikeutettu etu. Henkil\u00f6tietojen k\u00e4sittelyn tarkoitus on tapahtumailmoittautumiset sek\u00e4 tapahtumien maksusuoritusten varmistaminen. Tietoja ei k\u00e4ytet\u00e4 automatisoituun p\u00e4\u00e4t\u00f6ksentekoon tai profilointiin.<\/p><ol style=\"font-size: 16px; background-color: #ffffff;\" start=\"5\"><li style=\"font-size: 16px;\"><span style=\"font-weight: bolder;\">Rekisterin tietosis\u00e4lt\u00f6<\/span><\/li><\/ol><p>Rekisteriin tallennettavia tietoja ovat: henkil\u00f6n nimi ja s\u00e4hk\u00f6posti.<\/p><ol style=\"font-size: 16px; background-color: #ffffff;\" start=\"6\"><li style=\"font-size: 16px;\"><span style=\"font-weight: bolder;\">S\u00e4\u00e4nn\u00f6nmukaiset tietol\u00e4hteet<\/span><\/li><\/ol><p>Rekisteriin tallennettavat tiedot saadaan j\u00e4senelt\u00e4 t\u00e4m\u00e4n ilmoittautuessa tapahtumaan.<\/p><ol style=\"font-size: 16px; background-color: #ffffff;\" start=\"7\"><li style=\"font-size: 16px;\"><span style=\"font-weight: bolder;\">Tietojen s\u00e4\u00e4nn\u00f6nmukaiset luovutukset ja tietojen siirto EU:n tai ETA:n ulkopuolelle<\/span><\/li><\/ol><p>Tietoja ei luovuteta ulkopuolisille tahoille.<\/p><ol style=\"font-size: 16px; background-color: #ffffff;\" start=\"8\"><li style=\"font-size: 16px;\"><span style=\"font-weight: bolder;\">Rekisterin suojauksen periaatteet<\/span><\/li><\/ol><p>Rekisterin k\u00e4sittelyss\u00e4 noudatetaan huolellisuutta ja tietoj\u00e4rjestelmien avulla k\u00e4sitelt\u00e4v\u00e4t tiedot suojataan asianmukaisesti. Kun rekisteritietoja s\u00e4ilytet\u00e4\u00e4n Internet-palvelimilla, niiden laitteiston fyysisest\u00e4 ja digitaalisesta tietoturvasta huolehditaan asiaankuuluvasti. Rekisterinpit\u00e4j\u00e4 huolehtii siit\u00e4, ett\u00e4 tallennettuja tietoja sek\u00e4 palvelimien k\u00e4ytt\u00f6oikeuksia ja muita henkil\u00f6tietojen turvallisuuden kannalta kriittisi\u00e4 tietoja k\u00e4sitell\u00e4\u00e4n luottamuksellisesti ja vain tapahtuman j\u00e4rjest\u00e4jien sek\u00e4 rekisterinpit\u00e4j\u00e4n toimesta. Tapahtumaan osallistujien maksusuoritusten j\u00e4lkeen rekisteri poistetaan.<\/p><ol style=\"font-size: 16px; background-color: #ffffff;\" start=\"9\"><li style=\"font-size: 16px;\"><span style=\"font-weight: bolder;\">Tarkastusoikeus ja oikeus vaatia tiedon korjaamista<\/span><\/li><\/ol><p>Jokaisella rekisteriss\u00e4 olevalla henkil\u00f6ll\u00e4 on oikeus tarkistaa rekisteriin tallennetut tietonsa ja vaatia mahdollisen virheellisen tiedon korjaamista tai puutteellisen tiedon t\u00e4ydent\u00e4mist\u00e4. Mik\u00e4li henkil\u00f6 haluaa tarkistaa h\u00e4nest\u00e4 tallennetut tiedot tai vaatia niihin oikaisua, pyynt\u00f6 tulee l\u00e4hett\u00e4\u00e4 s\u00e4hk\u00f6isesti rekisterinpit\u00e4j\u00e4lle. Rekisterinpit\u00e4j\u00e4 voi pyyt\u00e4\u00e4 tarvittaessa pyynn\u00f6n esitt\u00e4j\u00e4\u00e4 todistamaan henkil\u00f6llisyytens\u00e4. Rekisterinpit\u00e4j\u00e4 vastaa asiakkaalle EU:n tietosuoja-asetuksessa s\u00e4\u00e4detyss\u00e4 ajassa (p\u00e4\u00e4s\u00e4\u00e4nt\u00f6isesti kuukauden kuluessa).<\/p><ol style=\"font-size: 16px; background-color: #ffffff;\" start=\"10\"><li style=\"font-size: 16px;\"><span style=\"font-weight: bolder;\">Muut henkil\u00f6tietojen k\u00e4sittelyyn liittyv\u00e4t oikeudet<\/span><\/li><\/ol><p>Rekisteriss\u00e4 olevalla henkil\u00f6ll\u00e4 on oikeus pyyt\u00e4\u00e4 h\u00e4nt\u00e4 koskevien henkil\u00f6tietojen poistamiseen rekisterist\u00e4 (\u201doikeus tulla unohdetuksi\u201d). Niin ik\u00e4\u00e4n rekister\u00f6idyill\u00e4 on muut EU:n yleisen tietosuoja-asetuksen mukaiset oikeudet kuten henkil\u00f6tietojen k\u00e4sittelyn rajoittaminen tietyiss\u00e4 tilanteissa. Pyynn\u00f6t tulee l\u00e4hett\u00e4\u00e4 s\u00e4hk\u00f6isesti rekisterinpit\u00e4j\u00e4lle. Rekisterinpit\u00e4j\u00e4 voi pyyt\u00e4\u00e4 tarvittaessa pyynn\u00f6n esitt\u00e4j\u00e4\u00e4 todistamaan henkil\u00f6llisyytens\u00e4. Rekisterinpit\u00e4j\u00e4 vastaa asiakkaalle EU:n tietosuoja-asetuksessa s\u00e4\u00e4detyss\u00e4 ajassa (p\u00e4\u00e4s\u00e4\u00e4nt\u00f6isesti kuukauden kuluessa).<\/p>\t\t\t\t\t\t\t\t<\/div>\n\t\t\t\t<\/div>\n\t\t\t\t\t<\/div>\n\t\t\t\t<\/div>\n\t\t\t\t<\/div>","protected":false},"excerpt":{"rendered":"<p>Tietosuojaseloste J\u00e4senrekisteriseloste Rekisteri- ja tietosuojaseloste T\u00e4m\u00e4 on Magna Carta ry henkil\u00f6tietolain (10 ja 24 \u00a7) ja EU:n yleisen tietosuoja-asetuksen (GDPR) mukainen rekisteri- ja tietosuojaseloste. Laadittu 25.5.2018. Viimeisin muutos 25.1.2024. Rekisterinpit\u00e4j\u00e4 Magna Carta ry Veturitallinkatu 3 A 523, 40100 ilari.e.seppanen@student.jyu.fi Rekisterist\u00e4 vastaava yhteyshenkil\u00f6 Kataja Pyykk\u00f6 kataja.k.pyykko@student.jyu.fi Rekisterin nimi Yhdistyksen j\u00e4senrekisteri. Oikeusperuste ja henkil\u00f6tietojen k\u00e4sittelyn tarkoitus EU:n yleisen tietosuoja-asetuksen mukainen oikeusperuste henkil\u00f6tietojen k\u00e4sittelylle on rekisterinpit\u00e4j\u00e4n oikeutettu etu. Henkil\u00f6tietojen k\u00e4sittelyn tarkoitus on j\u00e4senrekisterin yll\u00e4pito, sek\u00e4 j\u00e4senetujen tarjoaminen. Tietoja ei k\u00e4ytet\u00e4 automatisoituun p\u00e4\u00e4t\u00f6ksentekoon tai profilointiin. Rekisterin tietosis\u00e4lt\u00f6 Rekisteriin tallennettavia tietoja ovat: henkil\u00f6n nimi, liittymisp\u00e4iv\u00e4m\u00e4\u00e4r\u00e4, opintojen aloittamisvuosi, asuinkunta sek\u00e4 onko henkil\u00f6 Jyv\u00e4skyl\u00e4n yliopistossa englannin kielen p\u00e4\u00e4- vai sivuaineopiskelija. S\u00e4\u00e4nn\u00f6nmukaiset tietol\u00e4hteet Rekisteriin tallennettavat tiedot saadaan j\u00e4senelt\u00e4 t\u00e4m\u00e4n maksettua j\u00e4senmaksu j\u00e4rjest\u00f6n tilille. Tietojen s\u00e4\u00e4nn\u00f6nmukaiset luovutukset ja tietojen siirto EU:n tai ETA:n ulkopuolelle Tietoja ei luovuteta ulkopuolisille tahoille. Rekisterin suojauksen periaatteet Rekisterin k\u00e4sittelyss\u00e4 noudatetaan huolellisuutta ja tietoj\u00e4rjestelmien avulla k\u00e4sitelt\u00e4v\u00e4t tiedot suojataan asianmukaisesti. Kun rekisteritietoja s\u00e4ilytet\u00e4\u00e4n Internet-palvelimilla, niiden laitteiston fyysisest\u00e4 ja digitaalisesta tietoturvasta huolehditaan asiaankuuluvasti. Rekisterinpit\u00e4j\u00e4 huolehtii siit\u00e4, ett\u00e4 tallennettuja tietoja sek\u00e4 palvelimien k\u00e4ytt\u00f6oikeuksia ja muita henkil\u00f6tietojen turvallisuuden kannalta kriittisi\u00e4 tietoja k\u00e4sitell\u00e4\u00e4n luottamuksellisesti ja vain rekisterinpit\u00e4j\u00e4n toimesta. Tarkastusoikeus ja oikeus vaatia tiedon korjaamista Jokaisella rekisteriss\u00e4 olevalla henkil\u00f6ll\u00e4 on oikeus tarkistaa rekisteriin tallennetut tietonsa ja vaatia mahdollisen virheellisen tiedon korjaamista tai puutteellisen tiedon t\u00e4ydent\u00e4mist\u00e4. Mik\u00e4li henkil\u00f6 haluaa tarkistaa h\u00e4nest\u00e4 tallennetut tiedot tai vaatia niihin oikaisua, pyynt\u00f6 tulee l\u00e4hett\u00e4\u00e4 s\u00e4hk\u00f6isesti rekisterinpit\u00e4j\u00e4lle. Rekisterinpit\u00e4j\u00e4 voi pyyt\u00e4\u00e4 tarvittaessa pyynn\u00f6n esitt\u00e4j\u00e4\u00e4 todistamaan henkil\u00f6llisyytens\u00e4. Rekisterinpit\u00e4j\u00e4 vastaa asiakkaalle EU:n tietosuoja-asetuksessa s\u00e4\u00e4detyss\u00e4 ajassa (p\u00e4\u00e4s\u00e4\u00e4nt\u00f6isesti kuukauden kuluessa). Muut henkil\u00f6tietojen k\u00e4sittelyyn liittyv\u00e4t oikeudet Rekisteriss\u00e4 olevalla henkil\u00f6ll\u00e4 on oikeus pyyt\u00e4\u00e4 h\u00e4nt\u00e4 koskevien henkil\u00f6tietojen poistamiseen rekisterist\u00e4 (\u201doikeus tulla unohdetuksi\u201d). Niin ik\u00e4\u00e4n rekister\u00f6idyill\u00e4 on muut EU:n yleisen tietosuoja-asetuksen mukaiset oikeudet kuten henkil\u00f6tietojen k\u00e4sittelyn rajoittaminen tietyiss\u00e4 tilanteissa. Pyynn\u00f6t tulee l\u00e4hett\u00e4\u00e4 s\u00e4hk\u00f6isesti rekisterinpit\u00e4j\u00e4lle. Rekisterinpit\u00e4j\u00e4 voi pyyt\u00e4\u00e4 tarvittaessa pyynn\u00f6n esitt\u00e4j\u00e4\u00e4 todistamaan henkil\u00f6llisyytens\u00e4. Rekisterinpit\u00e4j\u00e4 vastaa asiakkaalle EU:n tietosuoja-asetuksessa s\u00e4\u00e4detyss\u00e4 ajassa (p\u00e4\u00e4s\u00e4\u00e4nt\u00f6isesti kuukauden kuluessa). Tapahtumailmoittautumisrekisteriseloste Rekisteri- ja tietosuojaseloste T\u00e4m\u00e4 on Magna Carta ry henkil\u00f6tietolain (10 ja 24 \u00a7) ja EU:n yleisen tietosuoja-asetuksen (GDPR) mukainen rekisteri- ja tietosuojaseloste. Laadittu 25.5.2018. Viimeisin muutos 25.1.2024. Rekisterinpit\u00e4j\u00e4 Magna Carta ry Veturitallinkatu 3 A 523, 40100 ilari.e.seppanen@student.jyu.fi Rekisterist\u00e4 vastaava yhteyshenkil\u00f6 Kataja Pyykk\u00f6 kataja.k.pyykko@student.jyu.fi Rekisterin nimi Yhdistyksen tapahtumailmoittautumisrekisteri. Oikeusperuste ja henkil\u00f6tietojen k\u00e4sittelyn tarkoitus EU:n yleisen tietosuoja-asetuksen mukainen oikeusperuste henkil\u00f6tietojen k\u00e4sittelylle on rekisterinpit\u00e4j\u00e4n oikeutettu etu. Henkil\u00f6tietojen k\u00e4sittelyn tarkoitus on tapahtumailmoittautumiset sek\u00e4 tapahtumien maksusuoritusten varmistaminen. Tietoja ei k\u00e4ytet\u00e4 automatisoituun p\u00e4\u00e4t\u00f6ksentekoon tai profilointiin. Rekisterin tietosis\u00e4lt\u00f6 Rekisteriin tallennettavia tietoja ovat: henkil\u00f6n nimi ja s\u00e4hk\u00f6posti. S\u00e4\u00e4nn\u00f6nmukaiset tietol\u00e4hteet Rekisteriin tallennettavat tiedot saadaan j\u00e4senelt\u00e4 t\u00e4m\u00e4n ilmoittautuessa tapahtumaan. Tietojen s\u00e4\u00e4nn\u00f6nmukaiset luovutukset ja tietojen siirto EU:n tai ETA:n ulkopuolelle Tietoja ei luovuteta ulkopuolisille tahoille. Rekisterin suojauksen periaatteet Rekisterin k\u00e4sittelyss\u00e4 noudatetaan huolellisuutta ja tietoj\u00e4rjestelmien avulla k\u00e4sitelt\u00e4v\u00e4t tiedot suojataan asianmukaisesti. Kun rekisteritietoja s\u00e4ilytet\u00e4\u00e4n Internet-palvelimilla, niiden laitteiston fyysisest\u00e4 ja digitaalisesta tietoturvasta huolehditaan asiaankuuluvasti. Rekisterinpit\u00e4j\u00e4 huolehtii siit\u00e4, ett\u00e4 tallennettuja tietoja sek\u00e4 palvelimien k\u00e4ytt\u00f6oikeuksia ja muita henkil\u00f6tietojen turvallisuuden kannalta kriittisi\u00e4 tietoja k\u00e4sitell\u00e4\u00e4n luottamuksellisesti ja vain tapahtuman j\u00e4rjest\u00e4jien sek\u00e4 rekisterinpit\u00e4j\u00e4n toimesta. Tapahtumaan osallistujien maksusuoritusten j\u00e4lkeen rekisteri poistetaan. Tarkastusoikeus ja oikeus vaatia tiedon korjaamista Jokaisella rekisteriss\u00e4 olevalla henkil\u00f6ll\u00e4 on oikeus tarkistaa rekisteriin tallennetut tietonsa ja vaatia mahdollisen virheellisen tiedon korjaamista tai puutteellisen tiedon t\u00e4ydent\u00e4mist\u00e4. Mik\u00e4li henkil\u00f6 haluaa tarkistaa h\u00e4nest\u00e4 tallennetut tiedot tai vaatia niihin oikaisua, pyynt\u00f6 tulee l\u00e4hett\u00e4\u00e4 s\u00e4hk\u00f6isesti rekisterinpit\u00e4j\u00e4lle. Rekisterinpit\u00e4j\u00e4 voi pyyt\u00e4\u00e4 tarvittaessa pyynn\u00f6n esitt\u00e4j\u00e4\u00e4 todistamaan henkil\u00f6llisyytens\u00e4. Rekisterinpit\u00e4j\u00e4 vastaa asiakkaalle EU:n tietosuoja-asetuksessa s\u00e4\u00e4detyss\u00e4 ajassa (p\u00e4\u00e4s\u00e4\u00e4nt\u00f6isesti kuukauden kuluessa). Muut henkil\u00f6tietojen k\u00e4sittelyyn liittyv\u00e4t oikeudet Rekisteriss\u00e4 olevalla henkil\u00f6ll\u00e4 on oikeus pyyt\u00e4\u00e4 h\u00e4nt\u00e4 koskevien henkil\u00f6tietojen poistamiseen rekisterist\u00e4 (\u201doikeus tulla unohdetuksi\u201d). Niin ik\u00e4\u00e4n rekister\u00f6idyill\u00e4 on muut EU:n yleisen tietosuoja-asetuksen mukaiset oikeudet kuten henkil\u00f6tietojen k\u00e4sittelyn rajoittaminen tietyiss\u00e4 tilanteissa. Pyynn\u00f6t tulee l\u00e4hett\u00e4\u00e4 s\u00e4hk\u00f6isesti rekisterinpit\u00e4j\u00e4lle. Rekisterinpit\u00e4j\u00e4 voi pyyt\u00e4\u00e4 tarvittaessa pyynn\u00f6n esitt\u00e4j\u00e4\u00e4 todistamaan henkil\u00f6llisyytens\u00e4. Rekisterinpit\u00e4j\u00e4 vastaa asiakkaalle EU:n tietosuoja-asetuksessa s\u00e4\u00e4detyss\u00e4 ajassa (p\u00e4\u00e4s\u00e4\u00e4nt\u00f6isesti kuukauden kuluessa).<\/p>","protected":false},"author":1,"featured_media":0,"parent":0,"menu_order":0,"comment_status":"closed","ping_status":"closed","template":"","meta":{"footnotes":""},"class_list":["post-1119","page","type-page","status-publish","hentry"],"_links":{"self":[{"href":"http:\/\/www.magnacartary.com\/en\/wp-json\/wp\/v2\/pages\/1119","targetHints":{"allow":["GET"]}}],"collection":[{"href":"http:\/\/www.magnacartary.com\/en\/wp-json\/wp\/v2\/pages"}],"about":[{"href":"http:\/\/www.magnacartary.com\/en\/wp-json\/wp\/v2\/types\/page"}],"author":[{"embeddable":true,"href":"http:\/\/www.magnacartary.com\/en\/wp-json\/wp\/v2\/users\/1"}],"replies":[{"embeddable":true,"href":"http:\/\/www.magnacartary.com\/en\/wp-json\/wp\/v2\/comments?post=1119"}],"version-history":[{"count":11,"href":"http:\/\/www.magnacartary.com\/en\/wp-json\/wp\/v2\/pages\/1119\/revisions"}],"predecessor-version":[{"id":1649,"href":"http:\/\/www.magnacartary.com\/en\/wp-json\/wp\/v2\/pages\/1119\/revisions\/1649"}],"wp:attachment":[{"href":"http:\/\/www.magnacartary.com\/en\/wp-json\/wp\/v2\/media?parent=1119"}],"curies":[{"name":"wp","href":"https:\/\/api.w.org\/{rel}","templated":true}]}}